{"id":28,"date":"2020-12-27T09:39:14","date_gmt":"2020-12-27T06:39:14","guid":{"rendered":"https:\/\/www.klimikdergisi.org\/\/?page_id=28"},"modified":"2025-10-31T07:52:20","modified_gmt":"2025-10-31T04:52:20","slug":"iletisim","status":"publish","type":"page","link":"https:\/\/www.klimikdergisi.org\/tr\/iletisim\/","title":{"rendered":"\u0130leti\u015fim"},"content":{"rendered":"<h3><strong>Ba\u015f Edit\u00f6r<br \/>\n<\/strong><\/h3>\n<p><strong>Prof. Dr. Alpay AZAP<\/strong><\/p>\n<p><strong>Adres<\/strong><b>:<\/b>\u00a0Me\u015frutiyet Mah. Rumeli Cad. \u0130pek Apt. No. 70 D. 7 (Rumeli Eczanesi \u00fcst\u00fc), 34363 \u015ei\u015fli, \u0130stanbul<br \/>\n<strong>Telefon<\/strong><b>:<\/b>+90 (212) 219 54 82<br \/>\n<strong>Faks<\/strong><b>:<\/b>+90 (212) 219 54 82<br \/>\n<strong>E-posta<\/strong><b>: <a href=\"mailto:klimikdergisi@gmail.com\">klimikdergisi@gmail.com<\/a><\/b><\/p>\n<h3>Yay\u0131nc\u0131<\/h3>\n<p><strong>DOC Tasar\u0131m ve Bili\u015fim Ltd. \u015eti<\/strong><\/p>\n<p><strong>Address:<\/strong> Yal\u0131 Mah. R\u0131ht\u0131m Cad. Teveto\u011flu Apt. No:7 D: 6 Maltepe \u0130stanbul 34844, T\u00fcrkiye<br \/>\n<strong>Telefon:<\/strong>\u00a0+90 533 268 32 27<br \/>\n<strong>E-posta:<\/strong>\u00a0<a href=\"mailto:info@dotdoc.com.tr\">info@dotdoc.com.tr<\/a><br \/>\n<strong>Web sayfas\u0131:<\/strong>\u00a0<a href=\"https:\/\/www.dotdoc.com.tr\/\">www.dotdoc.com.tr<\/a><\/p>\n<p><strong>Yay\u0131n Koordinat\u00f6r\u00fc<br \/>\n<\/strong>Zehra Pek\u015fen<\/p>\n<p><strong>Telefon:<\/strong> +90 533 470 29 72<br \/>\n<strong>E-posta:<\/strong>\u00a0<a href=\"mailto:zpeksen@dotdoc.com.tr\">zpeksen@dotdoc.com.tr<\/a><br \/>\n<a href=\"mailto:klimikdergisi@gmail.com\">klimikdergisi@gmail.com<\/a><\/p>\n","protected":false},"excerpt":{"rendered":"<p>Ba\u015f Edit\u00f6r Prof. Dr. Alpay AZAP Adres:\u00a0Me\u015frutiyet Mah. Rumeli Cad. \u0130pek Apt. No. 70 D. 7 (Rumeli Eczanesi \u00fcst\u00fc), 34363 \u015ei\u015fli, \u0130stanbul Telefon:+90 (212) 219 54 82 Faks:+90 (212) 219 54 82 E-posta: klimikdergisi@gmail.com Yay\u0131nc\u0131 DOC Tasar\u0131m ve Bili\u015fim Ltd. \u015eti Address: Yal\u0131 Mah. R\u0131ht\u0131m Cad. Teveto\u011flu Apt. No:7 D: 6 Maltepe \u0130stanbul 34844, T\u00fcrkiye [&hellip;]<\/p>\n","protected":false},"author":1,"featured_media":0,"parent":0,"menu_order":23,"comment_status":"closed","ping_status":"closed","template":"","meta":{"_acf_changed":false,"footnotes":""},"class_list":["post-28","page","type-page","status-publish","hentry"],"acf":[],"_links":{"self":[{"href":"https:\/\/www.klimikdergisi.org\/tr\/wp-json\/wp\/v2\/pages\/28","targetHints":{"allow":["GET"]}}],"collection":[{"href":"https:\/\/www.klimikdergisi.org\/tr\/wp-json\/wp\/v2\/pages"}],"about":[{"href":"https:\/\/www.klimikdergisi.org\/tr\/wp-json\/wp\/v2\/types\/page"}],"author":[{"embeddable":true,"href":"https:\/\/www.klimikdergisi.org\/tr\/wp-json\/wp\/v2\/users\/1"}],"replies":[{"embeddable":true,"href":"https:\/\/www.klimikdergisi.org\/tr\/wp-json\/wp\/v2\/comments?post=28"}],"version-history":[{"count":4,"href":"https:\/\/www.klimikdergisi.org\/tr\/wp-json\/wp\/v2\/pages\/28\/revisions"}],"predecessor-version":[{"id":31053,"href":"https:\/\/www.klimikdergisi.org\/tr\/wp-json\/wp\/v2\/pages\/28\/revisions\/31053"}],"wp:attachment":[{"href":"https:\/\/www.klimikdergisi.org\/tr\/wp-json\/wp\/v2\/media?parent=28"}],"curies":[{"name":"wp","href":"https:\/\/api.w.org\/{rel}","templated":true}]}}