{"id":26,"date":"2020-12-27T09:38:58","date_gmt":"2020-12-27T06:38:58","guid":{"rendered":"https:\/\/www.klimikdergisi.org\/\/?page_id=26"},"modified":"2022-07-21T14:37:42","modified_gmt":"2022-07-21T11:37:42","slug":"telif-haklari","status":"publish","type":"page","link":"https:\/\/www.klimikdergisi.org\/tr\/telif-haklari\/","title":{"rendered":"Telif Haklar\u0131"},"content":{"rendered":"<p>Yazarlar, Klimik Dergisi&#8217;nde makalelerinin yay\u0131nlanmas\u0131 i\u00e7in <strong><a href=\"https:\/\/www.klimikdergisi.org\/wp-content\/uploads\/2021\/05\/THO.FORMU_.pdf\">Telif Hakk\u0131 Onay Formu&#8217;<\/a><\/strong>nu doldurarak online makale kabul sistemine y\u00fcklemelidir. Yazarlar, <a href=\"https:\/\/www.klimikdergisi.org\/wp-content\/uploads\/2021\/05\/THO.FORMU_.pdf\">Telif Hakk\u0131 Onay Formu<\/a>&#8216;nu imzalad\u0131klar\u0131nda makalelerinin Klimik Dergisi\u2019nde yay\u0131mlanmas\u0131 halinde \u201cCreative Commons Attribution-Non Commercial 4.0 International License (<a href=\"https:\/\/creativecommons.org\/licenses\/by-nc\/4.0\/deed.en\">CC-BY-NC 4.0<\/a>)\u201d uygulamalar\u0131na tabi olaca\u011f\u0131n\u0131 kabul etmi\u015f olurlar.<\/p>\n<p><a href=\"https:\/\/creativecommons.org\/licenses\/by-nc\/4.0\/deed.en\">CC BY-NC 4.0<\/a> lisans\u0131, eserin ticari kullan\u0131m d\u0131\u015f\u0131nda her boyut ve formatta payla\u015f\u0131lmas\u0131na, kopyalanmas\u0131na, \u00e7o\u011falt\u0131lmas\u0131na ve orijinal esere uygun \u015fekilde at\u0131fta bulunmak kayd\u0131yla yeniden d\u00fczenleme, d\u00f6n\u00fc\u015ft\u00fcrme ve eserin \u00fczerine in\u015fa etme d\u00e2hil adapte edilmesine izin verir.<\/p>\n<p>\u015eekiller, tablolar veya hem bas\u0131l\u0131 hem de elektronik formattaki di\u011fer materyaller dahil olmak \u00fczere daha \u00f6nce yay\u0131nlanm\u0131\u015f i\u00e7eri\u011fi kullan\u0131rken, yazarlar telif hakk\u0131 sahibinden izin almal\u0131d\u0131r. Bu konudaki hukuki, mali ve cezai sorumluluk yazar(lar)a aittir.<\/p>\n<p>Klimik Dergisi\u2019nde yay\u0131mlanan t\u00fcm yaz\u0131lardaki g\u00f6r\u00fc\u015f ve raporlar yazar(lar)\u0131n g\u00f6r\u00fc\u015f\u00fcd\u00fcr. Bu nedenle, T\u00fcrk Klinik Mikrobiyoloji ve \u0130nfeksiyon Hastal\u0131klar\u0131 (Klimik) Derne\u011fi, Edit\u00f6r, Yay\u0131n Kurulu ve Yay\u0131nc\u0131 bu yaz\u0131lar i\u00e7in herhangi bir sorumluluk kabul etmemektedir.<\/p>\n","protected":false},"excerpt":{"rendered":"<p>Yazarlar, Klimik Dergisi&#8217;nde makalelerinin yay\u0131nlanmas\u0131 i\u00e7in Telif Hakk\u0131 Onay Formu&#8217;nu doldurarak online makale kabul sistemine y\u00fcklemelidir. Yazarlar, Telif Hakk\u0131 Onay Formu&#8216;nu imzalad\u0131klar\u0131nda makalelerinin Klimik Dergisi\u2019nde yay\u0131mlanmas\u0131 halinde \u201cCreative Commons Attribution-Non Commercial 4.0 International License (CC-BY-NC 4.0)\u201d uygulamalar\u0131na tabi olaca\u011f\u0131n\u0131 kabul etmi\u015f olurlar. CC BY-NC 4.0 lisans\u0131, eserin ticari kullan\u0131m d\u0131\u015f\u0131nda her boyut ve formatta payla\u015f\u0131lmas\u0131na, [&hellip;]<\/p>\n","protected":false},"author":1,"featured_media":0,"parent":0,"menu_order":21,"comment_status":"closed","ping_status":"closed","template":"","meta":{"_acf_changed":false,"footnotes":""},"class_list":["post-26","page","type-page","status-publish","hentry"],"acf":[],"_links":{"self":[{"href":"https:\/\/www.klimikdergisi.org\/tr\/wp-json\/wp\/v2\/pages\/26","targetHints":{"allow":["GET"]}}],"collection":[{"href":"https:\/\/www.klimikdergisi.org\/tr\/wp-json\/wp\/v2\/pages"}],"about":[{"href":"https:\/\/www.klimikdergisi.org\/tr\/wp-json\/wp\/v2\/types\/page"}],"author":[{"embeddable":true,"href":"https:\/\/www.klimikdergisi.org\/tr\/wp-json\/wp\/v2\/users\/1"}],"replies":[{"embeddable":true,"href":"https:\/\/www.klimikdergisi.org\/tr\/wp-json\/wp\/v2\/comments?post=26"}],"version-history":[{"count":3,"href":"https:\/\/www.klimikdergisi.org\/tr\/wp-json\/wp\/v2\/pages\/26\/revisions"}],"predecessor-version":[{"id":25213,"href":"https:\/\/www.klimikdergisi.org\/tr\/wp-json\/wp\/v2\/pages\/26\/revisions\/25213"}],"wp:attachment":[{"href":"https:\/\/www.klimikdergisi.org\/tr\/wp-json\/wp\/v2\/media?parent=26"}],"curies":[{"name":"wp","href":"https:\/\/api.w.org\/{rel}","templated":true}]}}