{"id":25224,"date":"2022-07-21T15:07:52","date_gmt":"2022-07-21T12:07:52","guid":{"rendered":"https:\/\/www.klimikdergisi.org\/open-access-statement\/"},"modified":"2022-07-21T15:12:39","modified_gmt":"2022-07-21T12:12:39","slug":"acik-erisim-ilkesi","status":"publish","type":"page","link":"https:\/\/www.klimikdergisi.org\/tr\/acik-erisim-ilkesi\/","title":{"rendered":"A\u00e7\u0131k Eri\u015fim \u0130lkesi"},"content":{"rendered":"<p><span data-sheets-value=\"{&quot;1&quot;:2,&quot;2&quot;:&quot;Klimik Dergisi, a\u00e7\u0131k eri\u015fimli bir yay\u0131nd\u0131r ve Derginin yay\u0131n modeli, Budape\u015fte A\u00e7\u0131k Eri\u015fim Giri\u015fimi (BOAI) deklarasyonuna dayanmaktad\u0131r. Derginin ar\u015fivine \u00e7evrimi\u00e7i olarak \u00fccretsiz olarak idcmjournal.org adresinden ula\u015f\u0131labilir. Ticari ama\u00e7lar d\u0131\u015f\u0131nda, kullan\u0131c\u0131lar\u0131n bu dergideki makalelerin tam metinlerini yay\u0131nc\u0131 veya yazardan \u00f6nceden izin almaks\u0131z\u0131n okuma, indirme, kopyalama, yazd\u0131rma, arama veya ba\u011flant\u0131 vermelerine izin verilir.\\n\\nDergideki a\u00e7\u0131k eri\u015fim makaleleri, Creative Commons Attribution-NonCommercial 4.0 International (CC BY-NC 4.0) lisans\u0131 \u015fartlar\u0131na g\u00f6re lisanslanm\u0131\u015ft\u0131r.&quot;}\" data-sheets-userformat=\"{&quot;2&quot;:769,&quot;3&quot;:{&quot;1&quot;:0},&quot;11&quot;:4,&quot;12&quot;:0}\"><em>Klimik Dergisi<\/em>, a\u00e7\u0131k eri\u015fimli bir yay\u0131nd\u0131r ve Derginin yay\u0131n modeli, Budape\u015fte A\u00e7\u0131k Eri\u015fim Giri\u015fimi (<a href=\"https:\/\/www.budapestopenaccessinitiative.org\/read\/\">BOAI<\/a>) deklarasyonuna dayanmaktad\u0131r. Derginin ar\u015fivine \u00e7evrimi\u00e7i ve \u00fccretsiz olarak <a href=\"https:\/\/www.klimikdergisi.org\/\">klimikdergisi.org<\/a> adresinden ula\u015f\u0131labilir. Ticari ama\u00e7lar d\u0131\u015f\u0131nda, kullan\u0131c\u0131lar\u0131n bu dergideki makalelerin tam metinlerini yay\u0131nc\u0131 veya yazardan \u00f6nceden izin almaks\u0131z\u0131n okuma, indirme, kopyalama, yazd\u0131rma, arama veya ba\u011flant\u0131 vermelerine izin verilir.<\/span><\/p>\n<p>Dergideki a\u00e7\u0131k eri\u015fim makaleleri, Creative Commons Attribution-NonCommercial 4.0 International (<a href=\"https:\/\/creativecommons.org\/licenses\/by-nc\/4.0\/deed.en\">CC BY-NC 4.0<\/a>) lisans\u0131 \u015fartlar\u0131na g\u00f6re lisanslanm\u0131\u015ft\u0131r.<\/p>\n","protected":false},"excerpt":{"rendered":"<p>Klimik Dergisi, a\u00e7\u0131k eri\u015fimli bir yay\u0131nd\u0131r ve Derginin yay\u0131n modeli, Budape\u015fte A\u00e7\u0131k Eri\u015fim Giri\u015fimi (BOAI) deklarasyonuna dayanmaktad\u0131r. Derginin ar\u015fivine \u00e7evrimi\u00e7i ve \u00fccretsiz olarak klimikdergisi.org adresinden ula\u015f\u0131labilir. Ticari ama\u00e7lar d\u0131\u015f\u0131nda, kullan\u0131c\u0131lar\u0131n bu dergideki makalelerin tam metinlerini yay\u0131nc\u0131 veya yazardan \u00f6nceden izin almaks\u0131z\u0131n okuma, indirme, kopyalama, yazd\u0131rma, arama veya ba\u011flant\u0131 vermelerine izin verilir. Dergideki a\u00e7\u0131k eri\u015fim makaleleri, [&hellip;]<\/p>\n","protected":false},"author":2,"featured_media":0,"parent":0,"menu_order":2,"comment_status":"closed","ping_status":"closed","template":"","meta":{"_acf_changed":false,"footnotes":""},"class_list":["post-25224","page","type-page","status-publish","hentry"],"acf":[],"_links":{"self":[{"href":"https:\/\/www.klimikdergisi.org\/tr\/wp-json\/wp\/v2\/pages\/25224","targetHints":{"allow":["GET"]}}],"collection":[{"href":"https:\/\/www.klimikdergisi.org\/tr\/wp-json\/wp\/v2\/pages"}],"about":[{"href":"https:\/\/www.klimikdergisi.org\/tr\/wp-json\/wp\/v2\/types\/page"}],"author":[{"embeddable":true,"href":"https:\/\/www.klimikdergisi.org\/tr\/wp-json\/wp\/v2\/users\/2"}],"replies":[{"embeddable":true,"href":"https:\/\/www.klimikdergisi.org\/tr\/wp-json\/wp\/v2\/comments?post=25224"}],"version-history":[{"count":3,"href":"https:\/\/www.klimikdergisi.org\/tr\/wp-json\/wp\/v2\/pages\/25224\/revisions"}],"predecessor-version":[{"id":25232,"href":"https:\/\/www.klimikdergisi.org\/tr\/wp-json\/wp\/v2\/pages\/25224\/revisions\/25232"}],"wp:attachment":[{"href":"https:\/\/www.klimikdergisi.org\/tr\/wp-json\/wp\/v2\/media?parent=25224"}],"curies":[{"name":"wp","href":"https:\/\/api.w.org\/{rel}","templated":true}]}}