{"id":25179,"date":"2022-07-04T19:15:03","date_gmt":"2022-07-04T16:15:03","guid":{"rendered":"https:\/\/www.klimikdergisi.org\/?page_id=25179"},"modified":"2022-10-13T15:17:51","modified_gmt":"2022-10-13T12:17:51","slug":"arastirma-ve-yayin-etigi","status":"publish","type":"page","link":"https:\/\/www.klimikdergisi.org\/tr\/arastirma-ve-yayin-etigi\/","title":{"rendered":"Ara\u015ft\u0131rma ve Yay\u0131n Eti\u011fi"},"content":{"rendered":"<p><span style=\"font-weight: 400;\">Klimik Dergisi, en ileri yay\u0131n eti\u011fi standartlar\u0131n\u0131 uygulamay\u0131 taahh\u00fct eder. Derginin editoryal ve yay\u0131n s\u00fcre\u00e7leri; \u201c<\/span><span style=\"font-weight: 400;\">Principles of Transparency and Best Practice in Scholarly Publishing published by the Committee on Publication Ethics (COPE)\u201d, \u201cDirectory of Open Access Journals (DOAJ)\u201d, \u201cOpen Access Scholarly Publishers Association (OASPA)\u201d, ve \u201cWorld Association of Medical Editors (WAME)\u201d kurallar\u0131na uygun olarak tasarlanm\u0131\u015ft\u0131r. (<a href=\"https:\/\/publicationethics.org\/resources\/guidelines-new\/principles-transparency-and-best-practice-scholarly-publishing\">https:\/\/publicationethics.org\/resources\/guidelines-new\/principles-transparency-and-best-practice-scholarly-publishing<\/a>) <\/span><\/p>\n<p><span style=\"font-weight: 400;\">Yay\u0131nlama s\u00fcrecine dahil olan t\u00fcm taraflar\u0131n (Edit\u00f6rler, Hakemler, Yazarlar ve Yay\u0131nc\u0131lar) a\u015fa\u011f\u0131daki etik ilke ve kurallara uymalar\u0131 beklenir:<\/span><\/p>\n<ul>\n<li style=\"font-weight: 400;\" aria-level=\"1\"><span style=\"font-weight: 400;\">Dergiye yay\u0131nlanmak amac\u0131yla g\u00f6nderilen ve etik kurul onay\u0131 al\u0131nmas\u0131 zorunlulu\u011fu olan deneysel, klinik ve ila\u00e7 ara\u015ft\u0131rmalar\u0131 i\u00e7in uluslararas\u0131 anla\u015fmalara ve Helsinki Bildirgesi\u2019ne uygun etik kurul onay raporu gereklidir. Etik Kurul onay\u0131 (tarih ve say\u0131s\u0131 belirtilerek)\u00a0\u00a0ve Bilgilendirilmi\u015f Hasta Onam Formu al\u0131nd\u0131\u011f\u0131 makale i\u00e7inde yaz\u0131lmal\u0131d\u0131r. Bilgilendirilmi\u015f Hasta Onam Formu dergi taraf\u0131ndan talep edildi\u011finde g\u00f6nderilmek \u00fczere saklanmal\u0131d\u0131r.\u00a0<\/span><\/li>\n<li style=\"font-weight: 400;\" aria-level=\"1\"><span style=\"font-weight: 400;\">Deneysel hayvan \u00e7al\u0131\u015fmalar\u0131nda ise yazarlar \u201cGuide for the Care and Use of Laboratory Animals\u201d do\u011frultusunda hayvan haklar\u0131n\u0131 koruduklar\u0131n\u0131 belirtmeli ve kurumlar\u0131ndan etik kurul onay raporu almal\u0131d\u0131r.\u00a0(<\/span><a href=\"http:\/\/www.nap.edu\/catalog\/5140.html%C2%A0\"><b>http:\/\/www.nap.edu\/catalog\/5140.html\u00a0<\/b><\/a><b>)<\/b><\/li>\n<li style=\"font-weight: 400;\" aria-level=\"1\"><span style=\"font-weight: 400;\">Etik Kurul izni gerektiren ara\u015ft\u0131rmalar a\u015fa\u011f\u0131da verilmi\u015ftir:<\/span>\n<ul>\n<li style=\"font-weight: 400;\" aria-level=\"3\"><span style=\"font-weight: 400;\">Anket, m\u00fclakat, odak grup \u00e7al\u0131\u015fmas\u0131, g\u00f6zlem, deney, g\u00f6r\u00fc\u015fme teknikleri kullan\u0131larak kat\u0131l\u0131mc\u0131lardan veri toplanmas\u0131n\u0131 gerektiren nitel ya da nicel yakla\u015f\u0131mlarla y\u00fcr\u00fct\u00fclen her t\u00fcrl\u00fc ara\u015ft\u0131rma,<\/span><\/li>\n<li style=\"font-weight: 400;\" aria-level=\"3\"><span style=\"font-weight: 400;\">\u0130nsan ve hayvanlar\u0131n (materyal\/veriler dahil) deneysel ya da di\u011fer bilimsel ama\u00e7larla kullan\u0131lmas\u0131,<\/span><\/li>\n<li style=\"font-weight: 400;\" aria-level=\"3\"><span style=\"font-weight: 400;\">\u0130nsanlar \u00fczerinde yap\u0131lan klinik ara\u015ft\u0131rmalar,<\/span><\/li>\n<li style=\"font-weight: 400;\" aria-level=\"3\"><span style=\"font-weight: 400;\">Hayvanlar \u00fczerinde yap\u0131lan ara\u015ft\u0131rmalar,<\/span><\/li>\n<li style=\"font-weight: 400;\" aria-level=\"3\"><span style=\"font-weight: 400;\">Ki\u015fisel verilerin korunmas\u0131 kanunu gere\u011fince retrospektif \u00e7al\u0131\u015fmalar,<\/span><\/li>\n<\/ul>\n<\/li>\n<\/ul>\n<p style=\"padding-left: 80px;\"><b>Ayr\u0131ca;<\/b><\/p>\n<ul>\n<li style=\"list-style-type: none;\">\n<ul>\n<li style=\"font-weight: 400;\" aria-level=\"3\"><span style=\"font-weight: 400;\">Olgu sunumlar\u0131nda \u201cAyd\u0131nlat\u0131lm\u0131\u015f onam formu\u201dnun al\u0131nd\u0131\u011f\u0131n\u0131n belirtilmesi,<\/span><\/li>\n<li style=\"font-weight: 400;\" aria-level=\"3\"><span style=\"font-weight: 400;\">Ba\u015fkalar\u0131na ait \u00f6l\u00e7ek, anket, foto\u011fraflar\u0131n kullan\u0131m\u0131 i\u00e7in sahiplerinden izin al\u0131nmas\u0131 ve belirtilmesi,<\/span><\/li>\n<li style=\"font-weight: 400;\" aria-level=\"3\"><span style=\"font-weight: 400;\">Kullan\u0131lan fikir ve sanat eserleri i\u00e7in telif haklar\u0131 d\u00fczenlemelerine uyuldu\u011funun belirtilmesi.<\/span><\/li>\n<\/ul>\n<\/li>\n<li style=\"font-weight: 400;\" aria-level=\"1\"><span style=\"font-weight: 400;\">Yazarlar\u0131n, yaz\u0131n\u0131n konusunu olu\u015fturan alanda ki\u015fi veya kurumlarla finansal veya maddi destek t\u00fcr\u00fcnde \u00e7\u0131kar \u00e7at\u0131\u015fmas\u0131 olup olmad\u0131\u011f\u0131n\u0131 beyan etmeleri gereklidir. \u00c7\u0131kar \u00e7at\u0131\u015fmas\u0131 beyan\u0131 yaz\u0131n\u0131n sonunda g\u00f6r\u00fcnmelidir.\u00a0<\/span><\/li>\n<li style=\"font-weight: 400;\" aria-level=\"1\"><span style=\"font-weight: 400;\">Dergi, a\u015fa\u011f\u0131da belirtilen etik d\u0131\u015f\u0131 uygulamalar\u0131 ya da inceleme s\u00fcrecini etkilemeye y\u00f6nelik konuk yazarl\u0131k, uygunsuz kabul ve referanslar\u0131 i\u00e7erme \u015f\u00fcphesi olan hi\u00e7bir makaleyi kabul etmeyecek ya da yay\u0131mlamayacakt\u0131r:<\/span><\/li>\n<\/ul>\n<p style=\"padding-left: 80px;\"><strong>\u0130ntihal:<\/strong><span style=\"font-weight: 400;\"><strong>\u00a0<\/strong>Ba\u015fka bir yazar\u0131n eserinin tamam\u0131n\u0131 ya da bir k\u0131sm\u0131n\u0131, sahibiymi\u015f gibi, referans vermeksizin tekrar yay\u0131mlamak.<\/span><\/p>\n<p style=\"padding-left: 80px;\"><strong>Fabrikasyon:<\/strong><span style=\"font-weight: 400;\">\u00a0Var olmayan veri ve sonu\u00e7lar\u0131 yay\u0131mlamak.<\/span><\/p>\n<p style=\"padding-left: 80px;\"><strong>Kopyalama:<\/strong><span style=\"font-weight: 400;\"><strong>\u00a0<\/strong>Bir yay\u0131n\u0131n ba\u015fka dillerde yeniden bas\u0131m\u0131n\u0131 da kapsayan, ba\u015fka bir yay\u0131ndan veri kullanma durumu.<\/span><\/p>\n<p style=\"padding-left: 80px;\"><strong>Dilimleme:<\/strong><span style=\"font-weight: 400;\"><strong>\u00a0<\/strong>Bir \u00e7al\u0131\u015fman\u0131n sonucunu yapay olarak birden \u00e7ok yay\u0131na b\u00f6lmek.<\/span><\/p>\n<ul>\n<li style=\"font-weight: 400;\" aria-level=\"1\"><i><span style=\"font-weight: 400;\">Klimik Dergisi<\/span><\/i><span style=\"font-weight: 400;\">, yay\u0131m faaliyetlerini Yay\u0131m Eti\u011fi Komitesi (Committee on Publication Ethics: COPE) \u00f6nerilerine g\u00f6re y\u00fcr\u00fctmektedir. Ayr\u0131ca etik a\u00e7\u0131dan tart\u0131\u015fmal\u0131 durumlar\u0131n \u00e7\u00f6z\u00fcmlenmesi i\u00e7in Biyoetik Edit\u00f6r\u00fc g\u00f6rev yapmaktad\u0131r. Yay\u0131n Eti\u011fi Komitesi \u00f6nerilerine g\u00f6re etik a\u00e7\u0131dan uygunsuzluk tespit edilen makaleler Biyoetik Edit\u00f6r\u00fc\u2019n\u00fcn g\u00f6r\u00fc\u015f\u00fc de al\u0131narak yay\u0131mlan\u0131r.\u00a0Etik uygunsuzlu\u011fun yay\u0131mland\u0131ktan sonra tespit edilmesi durumunda ise Yay\u0131m Eti\u011fi Komitesi rehberine g\u00f6re yay\u0131mdan \u00e7ekme uygulamas\u0131 yap\u0131l\u0131r. (<\/span><a href=\"https:\/\/publicationethics.org\/files\/cope-retraction-guidelines-v2.pdf\"><b>https:\/\/publicationethics.org\/files\/cope-retraction-guidelines-v2.pdf<\/b><\/a><span style=\"font-weight: 400;\">)<\/span><\/li>\n<\/ul>\n","protected":false},"excerpt":{"rendered":"<p>Klimik Dergisi, en ileri yay\u0131n eti\u011fi standartlar\u0131n\u0131 uygulamay\u0131 taahh\u00fct eder. Derginin editoryal ve yay\u0131n s\u00fcre\u00e7leri; \u201cPrinciples of Transparency and Best Practice in Scholarly Publishing published by the Committee on Publication Ethics (COPE)\u201d, \u201cDirectory of Open Access Journals (DOAJ)\u201d, \u201cOpen Access Scholarly Publishers Association (OASPA)\u201d, ve \u201cWorld Association of Medical Editors (WAME)\u201d kurallar\u0131na uygun olarak tasarlanm\u0131\u015ft\u0131r. [&hellip;]<\/p>\n","protected":false},"author":2,"featured_media":0,"parent":0,"menu_order":4,"comment_status":"closed","ping_status":"closed","template":"","meta":{"_acf_changed":false,"footnotes":""},"class_list":["post-25179","page","type-page","status-publish","hentry"],"acf":[],"_links":{"self":[{"href":"https:\/\/www.klimikdergisi.org\/tr\/wp-json\/wp\/v2\/pages\/25179","targetHints":{"allow":["GET"]}}],"collection":[{"href":"https:\/\/www.klimikdergisi.org\/tr\/wp-json\/wp\/v2\/pages"}],"about":[{"href":"https:\/\/www.klimikdergisi.org\/tr\/wp-json\/wp\/v2\/types\/page"}],"author":[{"embeddable":true,"href":"https:\/\/www.klimikdergisi.org\/tr\/wp-json\/wp\/v2\/users\/2"}],"replies":[{"embeddable":true,"href":"https:\/\/www.klimikdergisi.org\/tr\/wp-json\/wp\/v2\/comments?post=25179"}],"version-history":[{"count":3,"href":"https:\/\/www.klimikdergisi.org\/tr\/wp-json\/wp\/v2\/pages\/25179\/revisions"}],"predecessor-version":[{"id":25784,"href":"https:\/\/www.klimikdergisi.org\/tr\/wp-json\/wp\/v2\/pages\/25179\/revisions\/25784"}],"wp:attachment":[{"href":"https:\/\/www.klimikdergisi.org\/tr\/wp-json\/wp\/v2\/media?parent=25179"}],"curies":[{"name":"wp","href":"https:\/\/api.w.org\/{rel}","templated":true}]}}