{"id":24,"date":"2020-12-27T09:38:11","date_gmt":"2020-12-27T06:38:11","guid":{"rendered":"https:\/\/www.klimikdergisi.org\/\/?page_id=24"},"modified":"2023-02-27T17:49:30","modified_gmt":"2023-02-27T14:49:30","slug":"dizinler","status":"publish","type":"page","link":"https:\/\/www.klimikdergisi.org\/tr\/dizinler\/","title":{"rendered":"Dizinler"},"content":{"rendered":"<ul>\n<li><a href=\"https:\/\/mjl.clarivate.com:\/search-results?issn=1301-143X&amp;hide_exact_match_fl=true&amp;utm_source=mjl&amp;utm_medium=share-by-link&amp;utm_campaign=search-results-share-this-journal\">Web of Science-Emerging Sources Citation Index<\/a><\/li>\n<li><a href=\"https:\/\/search.trdizin.gov.tr\/tr\/dergi\/detay\/743\/klimik-dergisi\">T\u00dcB\u0130TAK ULAKB\u0130M TR Dizin<\/a><\/li>\n<li><a href=\"https:\/\/www.scopus.com\/sourceid\/19700174716\">Scopus<\/a><\/li>\n<li><a href=\"http:\/\/www.embase.com\">EMBASE<\/a><\/li>\n<li><a href=\"https:\/\/www.ebscohost.com\/nursing\/products\/cinahl-databases\/cinahl-complete\">CINAHL<\/a><\/li>\n<li><a href=\"https:\/\/www.gale.com\">Gale\/Cengage Learning<\/a><\/li>\n<li><a href=\"https:\/\/www.ebsco.com\">EBSCO<\/a><\/li>\n<li><a href=\"http:\/\/www.proquest.com\">ProQuest<\/a><\/li>\n<li><a href=\"https:\/\/www2.cabells.com\/\">Cabell\u2019s Journalytics<\/a><\/li>\n<\/ul>\n","protected":false},"excerpt":{"rendered":"<p>Web of Science-Emerging Sources Citation Index T\u00dcB\u0130TAK ULAKB\u0130M TR Dizin Scopus EMBASE CINAHL Gale\/Cengage Learning EBSCO ProQuest Cabell\u2019s Journalytics<\/p>\n","protected":false},"author":1,"featured_media":0,"parent":0,"menu_order":19,"comment_status":"closed","ping_status":"closed","template":"","meta":{"_acf_changed":false,"footnotes":""},"class_list":["post-24","page","type-page","status-publish","hentry"],"acf":[],"_links":{"self":[{"href":"https:\/\/www.klimikdergisi.org\/tr\/wp-json\/wp\/v2\/pages\/24","targetHints":{"allow":["GET"]}}],"collection":[{"href":"https:\/\/www.klimikdergisi.org\/tr\/wp-json\/wp\/v2\/pages"}],"about":[{"href":"https:\/\/www.klimikdergisi.org\/tr\/wp-json\/wp\/v2\/types\/page"}],"author":[{"embeddable":true,"href":"https:\/\/www.klimikdergisi.org\/tr\/wp-json\/wp\/v2\/users\/1"}],"replies":[{"embeddable":true,"href":"https:\/\/www.klimikdergisi.org\/tr\/wp-json\/wp\/v2\/comments?post=24"}],"version-history":[{"count":3,"href":"https:\/\/www.klimikdergisi.org\/tr\/wp-json\/wp\/v2\/pages\/24\/revisions"}],"predecessor-version":[{"id":26426,"href":"https:\/\/www.klimikdergisi.org\/tr\/wp-json\/wp\/v2\/pages\/24\/revisions\/26426"}],"wp:attachment":[{"href":"https:\/\/www.klimikdergisi.org\/tr\/wp-json\/wp\/v2\/media?parent=24"}],"curies":[{"name":"wp","href":"https:\/\/api.w.org\/{rel}","templated":true}]}}