{"id":20,"date":"2020-12-27T09:34:42","date_gmt":"2020-12-27T06:34:42","guid":{"rendered":"https:\/\/www.klimikdergisi.org\/\/?page_id=20"},"modified":"2026-02-27T07:41:43","modified_gmt":"2026-02-27T04:41:43","slug":"yayin-kurulu","status":"publish","type":"page","link":"https:\/\/www.klimikdergisi.org\/tr\/yayin-kurulu\/","title":{"rendered":"Yay\u0131n Kurulu"},"content":{"rendered":"<h3>Ba\u015fedit\u00f6r<\/h3>\n<p class=\"p1\">Alpay AZAP<b><br \/>\n<\/b><em>Ankara \u00dcniversitesi, T\u0131p Fak\u00fcltesi, \u0130nfeksiyon Hastal\u0131klar\u0131 ve Klinik Mikrobiyoloji Anabilim Dal\u0131, Ankara, T\u00fcrkiye<br \/>\n<a href=\"mailto:Alpay.Azap@medicine.ankara.edu.tr\">Alpay.Azap@medicine.ankara.edu.tr <\/a><\/em><br \/>\n<a href=\"https:\/\/orcid.org\/0000-0001-5035-055X\">ORCID iD: 0000-0001-5035-055X<\/a><\/p>\n<h3>\u00d6nceki Ba\u015fedit\u00f6r<\/h3>\n<p>Haluk ERAKSOY<br \/>\n<em>\u0130stanbul \u00dcniversitesi \u0130stanbul T\u0131p Fak\u00fcltesi, \u0130nfeksiyon Hastal\u0131klar\u0131 ve Klinik Mikrobiyoloji Anabilim Dal\u0131, \u0130stanbul, T\u00fcrkiye<\/em><br \/>\n<a href=\"https:\/\/orcid.org\/0000-0002-5790-0806\">ORCID iD: 0000-0002-5790-0806<\/a><\/p>\n<h3>Edit\u00f6rler<\/h3>\n<p>Sema ALP-\u00c7AVU\u015e<br \/>\n<em>Dokuz Eyl\u00fcl \u00dcniversitesi T\u0131p Fak\u00fcltesi, \u0130nfeksiyon Hastal\u0131klar\u0131 ve Klinik Mikrobiyoloji Anabilim Dal\u0131, \u0130zmir, T\u00fcrkiye<\/em><br \/>\n<a href=\"https:\/\/orcid.org\/0000-0003-2807-8769\">ORCID iD: 0000-0003-2807-8769<\/a><\/p>\n<p class=\"p1\">Mehtap AYDIN<b><br \/>\n<\/b><em>Sa\u011fl\u0131k Bilimleri \u00dcniversitesi \u00dcmraniye E\u011fitim ve Ara\u015ft\u0131rma Hastanesi \u0130nfeksiyon Hastal\u0131klar\u0131 ve Klinik Mikrobiyoloji Klini\u011fi, \u0130stanbul, T\u00fcrkiye<\/em><br \/>\n<a href=\"https:\/\/orcid.org\/0000-0003-4044-9366\">ORCID iD: 0000-0003-4044-9366<\/a><\/p>\n<p>Bilgehan AYGEN<br \/>\n<em>Erciyes \u00dcniversitesi T\u0131p Fak\u00fcltesi, \u0130nfeksiyon Hastal\u0131klar\u0131 ve Klinik Mikrobiyoloji Anabilim Dal\u0131, Kayseri, T\u00fcrkiye<\/em><br \/>\n<a href=\"https:\/\/orcid.org\/0000-0002-7598-6578\">ORCID iD: 0000-0002-7598-6578<\/a><\/p>\n<p class=\"p1\">G\u00f6khan AYG\u00dcN<b><br \/>\n<\/b><em>\u0130stanbul \u00dcniversitesi-Cerrahpa\u015fa, Cerrahpa\u015fa T\u0131p Fak\u00fcltesi, T\u0131bbi Mikrobiyoloji Anabilim Dal\u0131, \u0130stanbul, T\u00fcrkiye<\/em><br \/>\n<a href=\"https:\/\/orcid.org\/0000-0001-6915-9843\">ORCID iD: 0000-0001-6915-9843<\/a><\/p>\n<p>Atahan \u00c7A\u011eATAY<br \/>\n<em>\u0130stanbul \u00dcniversitesi \u0130stanbul T\u0131p Fak\u00fcltesi, \u0130nfeksiyon Hastal\u0131klar\u0131 ve Klinik Mikrobiyoloji Anabilim Dal\u0131, \u0130stanbul, T\u00fcrkiye<\/em><br \/>\n<a href=\"https:\/\/orcid.org\/0000-0002-3051-8199\">ORCID iD: 0000-0002-3051-8199<\/a><\/p>\n<p class=\"p1\">R\u0131za Ayta\u00e7 \u00c7ET\u0130NKAYA<b><br \/>\n<\/b><em>Sa\u011fl\u0131k Bilimleri \u00dcniversitesi Sultan Abd\u00fclhamid Han E\u011fitim ve Ara\u015ft\u0131rma Hastanesi \u0130nfeksiyon Hastal\u0131klar\u0131 ve Klinik Mikrobiyoloji Klini\u011fi, \u0130stanbul, T\u00fcrkiye<\/em><br \/>\n<a href=\"https:\/\/orcid.org\/0000-0002-5676-9527\">ORCID iD: 0000-0002-5676-9527<\/a><\/p>\n<p class=\"p1\">Ne\u015fe DEM\u0130RT\u00dcRK<br \/>\n<em>Afyonkarahisar Sa\u011fl\u0131k Bilimleri \u00dcniversitesi T\u0131p Fak\u00fcltesi, \u0130nfeksiyon Hastal\u0131klar ve Klinik Mikrobiyoloji Anabilim Dal\u0131, Afyonkarahisar, T\u00fcrkiye<\/em><br \/>\n<a href=\"https:\/\/orcid.org\/0000-0002-6186-2494\">ORCID iD: 0000-0002-6186-2494<\/a><\/p>\n<p>Murat KUTLU<br \/>\n<em>Pamukkale \u00dcniversitesi T\u0131p Fak\u00fcltesi, \u0130nfeksiyon Hastal\u0131klar ve Klinik Mikrobiyoloji Anabilim Dal\u0131, Denizli, T\u00fcrkiye<\/em><br \/>\n<a href=\"https:\/\/orcid.org\/0000-0003-0640-1019\">ORCID iD: 0000-0003-0640-1019<\/a><\/p>\n<p>S\u00fcda TEK\u0130N<br \/>\n<em>Ko\u00e7 \u00dcniversitesi T\u0131p Fak\u00fcltesi, \u0130nfeksiyon Hastal\u0131klar\u0131 ve Klinik Mikrobiyoloji Anabilim Dal\u0131, \u0130stanbul, T\u00fcrkiye<\/em><br \/>\n<a href=\"https:\/\/orcid.org\/0000-0001-9419-8713\">ORCID iD: 0000-0001-9419-8713<\/a><\/p>\n<p>Necla T\u00dcLEK<br \/>\n<em>At\u0131l\u0131m \u00dcniversitesi, T\u0131p Fak\u00fcltesi, Ankara, T\u00fcrkiye<\/em><br \/>\n<a href=\"https:\/\/orcid.org\/0000-0002-3952-4982\">ORCID iD: 0000-0002-3952-4982<\/a><\/p>\n<h3>\u0130statistik Edit\u00f6r\u00fc<\/h3>\n<p>\u00d6nder ERG\u00d6N\u00dcL<br \/>\n<em>Ko\u00e7 \u00dcniversitesi, T\u0131p Fak\u00fcltesi, \u0130nfeksiyon Hastal\u0131klar\u0131 ve Klinik Mikrobiyoloji Anabilim Dal\u0131, \u0130stanbul, T\u00fcrkiye<\/em><br \/>\n<a href=\"https:\/\/orcid.org\/0000-0003-1935-9235\">ORCID iD: 0000-0003-1935-9235<\/a><\/p>\n<h3>\u0130ngilizce Dil Edit\u00f6r\u00fc<\/h3>\n<p>Nur BENZONANA<br \/>\n<em>Dr. L\u00fctfi K\u0131rdar Kartal E\u011fitim ve Ara\u015ft\u0131rma Hastanesi, \u0130nfeksiyon Hastal\u0131klar\u0131 ve Klinik Mikrobiyoloji Klini\u011fi, \u0130stanbul, T\u00fcrkiye<br \/>\n<\/em><a href=\"https:\/\/orcid.org\/0000-0002-0803-0891\">ORCID iD: 0000-0002-0803-0891<\/a><\/p>\n<h3>T\u00fcrk\u00e7e Dil Edit\u00f6r\u00fc<\/h3>\n<p>Zehra PEK\u015eEN<br \/>\n<em>DOC Tasar\u0131m ve Bili\u015fim Ltd. \u015eti<\/em><\/p>\n<h3>Uluslararas\u0131 Dan\u0131\u015fma Kurulu<\/h3>\n<p>Halis AKALIN<br \/>\n<em>Bursa Uluda\u011f \u00dcniversitesi, T\u0131p Fak\u00fcltesi, \u0130nfeksiyon Hastal\u0131klar\u0131 ve Klinik Mikrobiyoloji Anabilim Dal\u0131, Bursa, T\u00fcrkiye<\/em><\/p>\n<p>Murat AKOVA<br \/>\n<em>Hacettepe \u00dcniversitesi, T\u0131p Fak\u00fcltesi, \u0130nfeksiyon Hastal\u0131klar\u0131 ve Klinik Mikrobiyoloji Anabilim Dal\u0131, Ankara, T\u00fcrkiye<\/em><\/p>\n<p>Celal AYAZ<br \/>\n<em>Sanko \u00dcniversitesi, T\u0131p Fak\u00fcltesi, \u0130nfeksiyon Hastal\u0131klar\u0131 ve Klinik Mikrobiyoloji Anabilim Dal\u0131, Gaziantep, T\u00fcrkiye<\/em><\/p>\n<p>Mehmet BAYSALLAR<br \/>\n<em>Sa\u011fl\u0131k Bilimleri \u00dcniversitesi, G\u00fclhane T\u0131p Fak\u00fcltesi, T\u0131bbi Mikrobiyoloji Anabilim Dal\u0131, Ankara, T\u00fcrkiye<\/em><\/p>\n<p>Ay\u015fe ERBAY<br \/>\n<em>Yozgat Bozok \u00dcniversitesi, T\u0131p Fak\u00fcltesi, \u0130nfeksiyon Hastal\u0131klar\u0131 ve Klinik Mikrobiyoloji Anabilim Dal\u0131, Yozgat, T\u00fcrkiye<\/em><\/p>\n<p>Robert FLISIAK<br \/>\n<em>Biaystok T\u0131p \u00dcniversitesi, \u0130nfeksiyon Hastal\u0131klar\u0131 ve Hepatoloji Anabilim Dal\u0131, Bialystok, Polonya<\/em><\/p>\n<p>Niels FRIMODT-M\u00d8LLER<br \/>\n<em>Hvidovre Hastanesi, Klinik Mikrobiyoloji B\u00f6l\u00fcm\u00fc, Kopenhag, Danimarka<\/em><\/p>\n<p>Javier GARAU<br \/>\n<em>Mutua de Terrassa Hastanesi, \u0130\u00e7 Hastal\u0131klar\u0131 B\u00f6l\u00fcm\u00fc, Barcelona, \u0130spanya<\/em><\/p>\n<p>Helen GIAMARELLOU<br \/>\n<em>Hygeia Genel Hastanesi, 6. \u0130\u00e7 Hastal\u0131klar\u0131 B\u00f6l\u00fcm\u00fc, Atina, Yunanistan<\/em><\/p>\n<p>Eduardo GOTUZZO<br \/>\n<em>Peruvian Cayetano Heredia \u00dcniversitesi, Alexander Von Humboldt Tropikal T\u0131p Enstit\u00fcs\u00fc, Lima, Peru<\/em><\/p>\n<p>Deniz G\u00d6KENG\u0130N<br \/>\n<em>Ege \u00dcniversitesi, T\u0131p Fak\u00fcltesi, \u0130nfeksiyon Hastal\u0131klar\u0131 ve Klinik Mikrobiyoloji Anabilim Dal\u0131, \u0130zmir, T\u00fcrkiye<\/em><\/p>\n<p>Winfried V. KERN<br \/>\n<em>\u00dcniversite Hastanesi, \u0130\u00e7 Hastal\u0131klar\u0131 B\u00f6l\u00fcm\u00fc, \u0130nfeksiyon Hastal\u0131klar\u0131 ve Seyahat T\u0131bb\u0131 Merkezi, Freiburg, Almanya<\/em><\/p>\n<p>Dimitrios P. KONTOYIANNIS<br \/>\n<em>Texas \u00dcniversitesi, MD Anderson Kanser Merkezi, \u0130nfeksiyon Hastal\u0131klar\u0131 Anabilim Dal\u0131, Dahili T\u0131p Bilimleri B\u00f6l\u00fcm\u00fc, Houston, Texas, ABD<\/em><\/p>\n<p>Jean-Christophe LUCET<br \/>\n<em>Bichat-Claude Bernard Hastanesi, \u0130nfeksiyon Kontrol \u00dcnitesi, Paris, Fransa<\/em><\/p>\n<p>Masoud MARDANI<br \/>\n<em>Shaheed Beheshti T\u0131p \u00dcniversitesi, \u0130nfeksiyon Hastal\u0131klar\u0131 ve Tropikal T\u0131p Ara\u015ft\u0131rma Merkezi, Tahran, \u0130ran<\/em><\/p>\n<p>Patrice NORDMANN<br \/>\n<em>Fribourg \u00dcniversitesi, Fen Fak\u00fcltesi, Mikrobiyoloji Anabilim Dal\u0131, Fribourg, \u0130svi\u00e7re<\/em><\/p>\n<p>Georgios PAPPAS<br \/>\n<em>Ioannina S\u00fcrekli T\u0131p E\u011fitimi Enstit\u00fcs\u00fc, \u0130nfeksiyon Hastal\u0131klar\u0131 B\u00f6l\u00fcm\u00fc, Ioannina, Yunanistan<\/em><\/p>\n<p>Thomas PATTERSON<br \/>\n<em>Texas \u00dcniversitesi, Sa\u011fl\u0131k Bilimleri Merkezi, Dahili T\u0131p Bilimleri B\u00f6l\u00fcm\u00fc, \u0130nfeksiyon Hastal\u0131klar\u0131 Anabilim Dal\u0131, San Antonio, Texas, ABD<\/em><\/p>\n<p>Robert READ<br \/>\n<em>NIHR Southampton Biyomedikal Ara\u015ft\u0131rma Merkezi, Southampton \u00dcniversitesi, Southampton, Birle\u015fik Krall\u0131k<\/em><\/p>\n<p>Jordi RELLO<br \/>\n<em>Vall d&#8217;Hebron \u00dcniversite Hastanesi, Yo\u011fun Bak\u0131m B\u00f6l\u00fcm\u00fc, Barcelona, \u0130spanya<\/em><\/p>\n<p>Ne\u015fe SALTO\u011eLU<br \/>\n<em>\u0130stanbul \u00dcniversitesi-Cerrahpa\u015fa, Cerrahpa\u015fa T\u0131p Fak\u00fcltesi, \u0130nfeksiyon Hastal\u0131klar\u0131 ve Klinik Mikrobiyoloji Anabilim Dal\u0131, \u0130stanbul, T\u00fcrkiye<\/em><\/p>\n<p>Franc STRLE<br \/>\n<em>Ljubljana \u00dcniversitesi, T\u0131p Merkezi, \u0130nfeksiyon Hastal\u0131klar\u0131 Klini\u011fi, Ljubljana, Slovenya<\/em><\/p>\n<p>Paul Ananth TAMBYAH<br \/>\n<em>Singapur Ulusal \u00dcniversitesi, Yong Loo Lin T\u0131p Fak\u00fcltesi, \u0130nfeksiyon Hastal\u0131klar\u0131 Bilim Dal\u0131, Queenstown, Singapur<\/em><\/p>\n<p>Jordi VILA<br \/>\n<em>Barcelona \u00dcniversitesi, T\u0131p Fak\u00fcltesi Hastanesi, Klinik Mikrobiyoloji Anabilim Dal\u0131, Barcelona, \u0130spanya<\/em><\/p>\n<p>Adriana VINCE<br \/>\n<em>Zagreb \u00dcniversitesi &#8220;Dr. Fran Mihaljevi\u0107&#8221; \u0130nfeksiyon Hastal\u0131klar\u0131 Hastanesi, Zagreb, H\u0131rvatistan<\/em><\/p>\n<p>Ata Nevzat YAL\u00c7IN<br \/>\n<em>Akdeniz \u00dcniversitesi, T\u0131p Fak\u00fcltesi, \u0130nfeksiyon Hastal\u0131klar\u0131 ve Klinik Mikrobiyoloji Anabilim Dal\u0131, Antalya, T\u00fcrkiye<\/em><\/p>\n<p>Steve ZINNER<br \/>\n<em>Mount Auburn Hastanesi, \u0130\u00e7 Hastal\u0131klar\u0131 B\u00f6l\u00fcm\u00fc, Cambridge, Massachusetts, ABD<\/em><\/p>\n<p>&nbsp;<\/p>\n<p><img loading=\"lazy\" decoding=\"async\" class=\"alignnone wp-image-21785\" src=\"https:\/\/www.klimikdergisi.org\/wp-content\/uploads\/2021\/01\/DOC.LOGO-01.png\" alt=\"\" width=\"120\" height=\"59\" \/><\/p>\n<h3>Yay\u0131nc\u0131<\/h3>\n<p>Ali PEK\u015eEN<br \/>\nDOC Tasar\u0131m ve Bili\u015fim Ltd. \u015eti<br \/>\n<strong>Address:<\/strong> Yal\u0131 Mah. R\u0131ht\u0131m Cad. Teveto\u011flu Apt. No:7 D: 6 Maltepe \u0130stanbul 34844, T\u00fcrkiye<br \/>\n<strong>Telefon:<\/strong> +90 533 268 32 27<br \/>\n<strong>E-posta:<\/strong> info@dotdoc.com.tr, apeksen@dotdoc.com.tr<br \/>\n<strong>Web sayfas\u0131:<\/strong> <a href=\"https:\/\/www.dotdoc.com.tr\/\">www.dotdoc.com.tr<\/a><\/p>\n<p>&nbsp;<\/p>\n<p>&nbsp;<\/p>\n","protected":false},"excerpt":{"rendered":"<p>Ba\u015fedit\u00f6r Alpay AZAP Ankara \u00dcniversitesi, T\u0131p Fak\u00fcltesi, \u0130nfeksiyon Hastal\u0131klar\u0131 ve Klinik Mikrobiyoloji Anabilim Dal\u0131, Ankara, T\u00fcrkiye Alpay.Azap@medicine.ankara.edu.tr ORCID iD: 0000-0001-5035-055X \u00d6nceki Ba\u015fedit\u00f6r Haluk ERAKSOY \u0130stanbul \u00dcniversitesi \u0130stanbul T\u0131p Fak\u00fcltesi, \u0130nfeksiyon Hastal\u0131klar\u0131 ve Klinik Mikrobiyoloji Anabilim Dal\u0131, \u0130stanbul, T\u00fcrkiye ORCID iD: 0000-0002-5790-0806 Edit\u00f6rler Sema ALP-\u00c7AVU\u015e Dokuz Eyl\u00fcl \u00dcniversitesi T\u0131p Fak\u00fcltesi, \u0130nfeksiyon Hastal\u0131klar\u0131 ve Klinik Mikrobiyoloji Anabilim [&hellip;]<\/p>\n","protected":false},"author":1,"featured_media":0,"parent":0,"menu_order":15,"comment_status":"closed","ping_status":"closed","template":"","meta":{"_acf_changed":false,"footnotes":""},"class_list":["post-20","page","type-page","status-publish","hentry"],"acf":[],"_links":{"self":[{"href":"https:\/\/www.klimikdergisi.org\/tr\/wp-json\/wp\/v2\/pages\/20","targetHints":{"allow":["GET"]}}],"collection":[{"href":"https:\/\/www.klimikdergisi.org\/tr\/wp-json\/wp\/v2\/pages"}],"about":[{"href":"https:\/\/www.klimikdergisi.org\/tr\/wp-json\/wp\/v2\/types\/page"}],"author":[{"embeddable":true,"href":"https:\/\/www.klimikdergisi.org\/tr\/wp-json\/wp\/v2\/users\/1"}],"replies":[{"embeddable":true,"href":"https:\/\/www.klimikdergisi.org\/tr\/wp-json\/wp\/v2\/comments?post=20"}],"version-history":[{"count":5,"href":"https:\/\/www.klimikdergisi.org\/tr\/wp-json\/wp\/v2\/pages\/20\/revisions"}],"predecessor-version":[{"id":31534,"href":"https:\/\/www.klimikdergisi.org\/tr\/wp-json\/wp\/v2\/pages\/20\/revisions\/31534"}],"wp:attachment":[{"href":"https:\/\/www.klimikdergisi.org\/tr\/wp-json\/wp\/v2\/media?parent=20"}],"curies":[{"name":"wp","href":"https:\/\/api.w.org\/{rel}","templated":true}]}}