{"id":18,"date":"2020-12-27T09:34:18","date_gmt":"2020-12-27T06:34:18","guid":{"rendered":"https:\/\/www.klimikdergisi.org\/\/?page_id=18"},"modified":"2024-02-14T15:11:43","modified_gmt":"2024-02-14T12:11:43","slug":"amac-kapsam","status":"publish","type":"page","link":"https:\/\/www.klimikdergisi.org\/tr\/amac-kapsam\/","title":{"rendered":"Ama\u00e7 Kapsam"},"content":{"rendered":"<p><i><span style=\"font-weight: 400;\">Klimik Dergisi<\/span><\/i><span style=\"font-weight: 400;\">, T\u00fcrk Klinik Mikrobiyoloji ve \u0130nfeksiyon Hastal\u0131klar\u0131 (Klimik) Derne\u011fi\u2019nin bilimsel i\u00e7erikli ve a\u00e7\u0131k eri\u015fimli resmi yay\u0131n organ\u0131d\u0131r. 1988-2021 y\u0131llar\u0131 aras\u0131nda y\u0131lda 3 say\u0131 \u00e7\u0131kan dergi, 2022 y\u0131l\u0131 itibariyle Mart, Haziran, Eyl\u00fcl ve Aral\u0131k aylar\u0131nda olmak \u00fczere y\u0131lda 4 say\u0131 yay\u0131mlanmaktad\u0131r.\u00a0<\/span><\/p>\n<p><i><span style=\"font-weight: 400;\">Klimik Dergisi<\/span><\/i><span style=\"font-weight: 400;\">\u2019nin amac\u0131 infeksiyon hastal\u0131klar\u0131, klinik mikrobiyoloji, viroloji, parazitoloji, imm\u00fcnoloji ve epidemiyoloji alanlar\u0131nda tan\u0131, tedavi ve korunmaya ili\u015fkin y\u00fcksek nitelikli temel ve uygulamal\u0131 ara\u015ft\u0131rma makaleleri yay\u0131mlamakt\u0131r. Ayr\u0131ca derleme, edit\u00f6r g\u00f6r\u00fc\u015f\u00fc, edit\u00f6re mektup ve olgu sunumlar\u0131 da kabul edilmektedir.<\/span><\/p>\n<p><span style=\"font-weight: 400;\">Derginin hedef kitlesi, infeksiyon hastal\u0131klar\u0131 ve klinik mikrobiyoloji uzmanlar\u0131 ile infeksiyon hastal\u0131klar\u0131na ilgi duyan t\u00fcm uzmanlar ve pratisyen hekimlerdir.<\/span><\/p>\n<p><span style=\"font-weight: 400;\">Ba\u011f\u0131ms\u0131z ve \u00f6nyarg\u0131s\u0131z dan\u0131\u015fmanl\u0131k (peer-review) ilkelerine dayanan uluslararas\u0131 bir dergidir. Makaleler dan\u0131\u015fman ve yazar a\u00e7\u0131s\u0131ndan \u201c\u00e7ift-k\u00f6r\u201d sistemine g\u00f6re de\u011ferlendirilmektedir.\u00a0<\/span><\/p>\n<p><span style=\"font-weight: 400;\">Derginin edit\u00f6rl\u00fck ve yay\u0131n s\u00fcre\u00e7leri \u201cInternational Committee of Medical Journal Editors (ICMJE)\u201d, \u201cWorld Association of Medical Editors (WAME)\u201d, \u201cCouncil of Science Editors (CSE)\u201d, \u201cCommittee on Publication Ethics (COPE)\u201d, \u201cEuropean Association of Science Editors (EASE)\u201d ve \u201cNational Information Standards Organization (NISO)\u201d organizasyonlar\u0131n\u0131n k\u0131lavuzlar\u0131na uygun olarak tasarlanm\u0131\u015ft\u0131r ve \u201cPrinciples of Transparency and Best Practice in Scholarly Publishing (doaj.org\/bestpractice)\u201d ilkelerine uygun olarak y\u00fcr\u00fct\u00fclmektedir.<\/span><\/p>\n<p><span style=\"font-weight: 400;\">Derginin dili T\u00fcrk\u00e7e\u2019dir. Yabanc\u0131 yazarlar\u0131n \u0130ngilizce yaz\u0131lar\u0131na da yer verilebilir.<\/span><\/p>\n<p><span style=\"font-weight: 400;\">Dergide yay\u0131mlanacak makaleler i\u00e7in yazarlardan \u00fccret talep edilmez.<\/span><\/p>\n<p><i><span style=\"font-weight: 400;\">Klimik Dergisi<\/span><\/i><span style=\"font-weight: 400;\">, T\u00dcB\u0130TAK ULAKB\u0130M TR, Web of Science-Emerging Sources Citation Index, EMBASE, Scopus, CINAHL, Gale\/Cengage Learning, EBSCO, HINARI, Cabell\u2019s Journalytics, ProQuest taraf\u0131ndan dizinlenmektedir.<\/span><\/p>\n<p><i><span style=\"font-weight: 400;\">Klimik Dergisi<\/span><\/i><span style=\"font-weight: 400;\">\u2019nde yay\u0131mlanan t\u00fcm yaz\u0131lardaki g\u00f6r\u00fc\u015f ve raporlar yazar(lar)\u0131n g\u00f6r\u00fc\u015f\u00fcd\u00fcr. Bu nedenle, T\u00fcrk Klinik Mikrobiyoloji ve \u0130nfeksiyon Hastal\u0131klar\u0131 (<a href=\"https:\/\/www.klimik.org.tr\/\">KL\u0130M\u0130K<\/a>) Derne\u011fi, Edit\u00f6r, Yay\u0131n Kurulu ve Yay\u0131nc\u0131 bu yaz\u0131lar i\u00e7in herhangi bir sorumluluk kabul etmemektedir.<\/span><\/p>\n<h3>Bask\u0131 \u0130zinleri ve Reklam<\/h3>\n<p><span style=\"font-weight: 400;\">Bask\u0131 izinleri ve reklam i\u00e7in ba\u015fvurular Edit\u00f6r Ofisine yap\u0131lmal\u0131d\u0131r.<\/span><\/p>\n<h3>Ba\u015fedit\u00f6r<\/h3>\n<p><span style=\"font-weight: 400;\">Prof. Dr. Alpay AZAP<\/span><span style=\"font-weight: 400;\"><br \/>\n<\/span><span style=\"font-weight: 400;\">Adres:\u00a0Me\u015frutiyet Mah. Rumeli Cad. \u0130pek Apt. No. 70\u00a0D.\u00a07<\/span><span style=\"font-weight: 400;\"><br \/>\n<\/span><span style=\"font-weight: 400;\">(Rumeli Eczanesi \u00fcst\u00fc), 34363 \u015ei\u015fli, \u0130stanbul, T\u00fcrkiye<\/span><span style=\"font-weight: 400;\"><br \/>\n<\/span><span style=\"font-weight: 400;\"><strong>Tel:<\/strong> 0 212 219 54 82<\/span><span style=\"font-weight: 400;\"><br \/>\n<\/span><span style=\"font-weight: 400;\"><strong>Faks:<\/strong> 0 212 219 54 82<\/span><span style=\"font-weight: 400;\"><br \/>\n<\/span><strong>E-posta: <b><a class=\"rABsFf RffVmb AL18ce\" href=\"mailto:editor@klimik.dergisi.org\" target=\"_blank\" rel=\"noopener\" data-tooltip-position=\"top\" data-tooltip=\"From your Google Contacts\">editor@klimik.dergisi.org<\/a><\/b><\/strong><\/p>\n<h3>\nYay\u0131nc\u0131<\/h3>\n<p><strong><img loading=\"lazy\" decoding=\"async\" class=\"alignnone wp-image-21785\" src=\"https:\/\/www.klimikdergisi.org\/wp-content\/uploads\/2021\/01\/DOC.LOGO-01.png\" alt=\"\" width=\"104\" height=\"53\" \/><\/strong><\/p>\n<p><strong>Yay\u0131nc\u0131:<\/strong> DOC Tasar\u0131m ve Bili\u015fim Ltd. \u015eti<br \/>\n<strong>Address:<\/strong> <span style=\"font-weight: 400;\">Yal\u0131 Mah. R\u0131ht\u0131m Cad. Teveto\u011flu Apt. No:7 D: 6 Maltepe, \u0130stanbul, 34844, <\/span>T\u00fcrkiye<br \/>\n<strong>Telefon:<\/strong>\u00a0+90 533 268 32 27<br \/>\n<strong>E-posta:<\/strong> <a href=\"mailto:info@dotdoc.com.tr\">info@dotdoc.com.tr\u00a0<\/a>,\u00a0<a href=\"mailto:apeksen@dotdoc.com.tr\">apeksen@dotdoc.com.tr<\/a><br \/>\n<strong>Web sayfas\u0131:<\/strong> <a href=\"https:\/\/www.dotdoc.com.tr\/\">www.dotdoc.com.tr<\/a><\/p>\n<h3>\nSahibi<\/h3>\n<p class=\"p1\">T\u00fcrk Klinik Mikrobiyoloji ve \u0130nfeksiyon Hastal\u0131klar\u0131 Derne\u011fi\u2019ni Temsilen:<br \/>\nProf. Dr. Serap Yavuz \u015eim\u015fek<\/p>\n<p><strong>Adres<\/strong><b>:<\/b>\u00a0Me\u015frutiyet Mah. Rumeli Cad. \u0130pek Apt. No. 70 D. 7 (Rumeli Eczanesi \u00fcst\u00fc), 34363 \u015ei\u015fli, \u0130stanbul<br \/>\n<strong>Telefon<\/strong><b>:<\/b>+90 (212) 219 54 82<br \/>\n<strong>Faks<\/strong><b>:<\/b>+90 (212) 219 54 82<br \/>\n<strong>E-posta<\/strong><b>: <\/b><a href=\"mailto:klimik@klimik.org.tr\">klimik@klimik.org.tr<\/a><\/p>\n<p><img loading=\"lazy\" decoding=\"async\" class=\"size-full wp-image-25815 alignnone\" src=\"https:\/\/www.klimikdergisi.org\/wp-content\/uploads\/2022\/10\/klimik.logo_M.png\" alt=\"\" width=\"668\" height=\"60\" srcset=\"https:\/\/www.klimikdergisi.org\/wp-content\/uploads\/2022\/10\/klimik.logo_M.png 668w, https:\/\/www.klimikdergisi.org\/wp-content\/uploads\/2022\/10\/klimik.logo_M-390x35.png 390w\" sizes=\"auto, (max-width: 668px) 100vw, 668px\" \/><\/p>\n<p>&nbsp;<\/p>\n","protected":false},"excerpt":{"rendered":"<p>Klimik Dergisi, T\u00fcrk Klinik Mikrobiyoloji ve \u0130nfeksiyon Hastal\u0131klar\u0131 (Klimik) Derne\u011fi\u2019nin bilimsel i\u00e7erikli ve a\u00e7\u0131k eri\u015fimli resmi yay\u0131n organ\u0131d\u0131r. 1988-2021 y\u0131llar\u0131 aras\u0131nda y\u0131lda 3 say\u0131 \u00e7\u0131kan dergi, 2022 y\u0131l\u0131 itibariyle Mart, Haziran, Eyl\u00fcl ve Aral\u0131k aylar\u0131nda olmak \u00fczere y\u0131lda 4 say\u0131 yay\u0131mlanmaktad\u0131r.\u00a0 Klimik Dergisi\u2019nin amac\u0131 infeksiyon hastal\u0131klar\u0131, klinik mikrobiyoloji, viroloji, parazitoloji, imm\u00fcnoloji ve epidemiyoloji alanlar\u0131nda tan\u0131, [&hellip;]<\/p>\n","protected":false},"author":1,"featured_media":0,"parent":0,"menu_order":14,"comment_status":"closed","ping_status":"closed","template":"","meta":{"_acf_changed":false,"footnotes":""},"class_list":["post-18","page","type-page","status-publish","hentry"],"acf":[],"_links":{"self":[{"href":"https:\/\/www.klimikdergisi.org\/tr\/wp-json\/wp\/v2\/pages\/18","targetHints":{"allow":["GET"]}}],"collection":[{"href":"https:\/\/www.klimikdergisi.org\/tr\/wp-json\/wp\/v2\/pages"}],"about":[{"href":"https:\/\/www.klimikdergisi.org\/tr\/wp-json\/wp\/v2\/types\/page"}],"author":[{"embeddable":true,"href":"https:\/\/www.klimikdergisi.org\/tr\/wp-json\/wp\/v2\/users\/1"}],"replies":[{"embeddable":true,"href":"https:\/\/www.klimikdergisi.org\/tr\/wp-json\/wp\/v2\/comments?post=18"}],"version-history":[{"count":4,"href":"https:\/\/www.klimikdergisi.org\/tr\/wp-json\/wp\/v2\/pages\/18\/revisions"}],"predecessor-version":[{"id":28319,"href":"https:\/\/www.klimikdergisi.org\/tr\/wp-json\/wp\/v2\/pages\/18\/revisions\/28319"}],"wp:attachment":[{"href":"https:\/\/www.klimikdergisi.org\/tr\/wp-json\/wp\/v2\/media?parent=18"}],"curies":[{"name":"wp","href":"https:\/\/api.w.org\/{rel}","templated":true}]}}