{"id":36,"date":"2020-12-27T09:46:34","date_gmt":"2020-12-27T06:46:34","guid":{"rendered":"https:\/\/www.klimikdergisi.org\/\/?page_id=36"},"modified":"2025-10-31T07:52:50","modified_gmt":"2025-10-31T04:52:50","slug":"contact","status":"publish","type":"page","link":"https:\/\/www.klimikdergisi.org\/en\/contact\/","title":{"rendered":"Contact"},"content":{"rendered":"<h3>Editor(s)-in-Chief<\/h3>\n<p><strong>Prof. Alpay Azap<\/strong><br \/>\n<strong><br \/>\nAddress:<\/strong> Me\u015frutiyet Mah. Rumeli Cad. \u0130pek Apt. No. 70 D. 7 (Rumeli Eczanesi \u00fcst\u00fc), 34363 \u015ei\u015fli, \u0130stanbul<br \/>\n<strong>Phone:<\/strong>+90 (212) 219 54 82<br \/>\n<strong>Fax:<\/strong>+90 (212) 219 54 82<br \/>\n<strong>E-mail: <a href=\"mailto:klimikdergisi@gmail.com\">klimikdergisi@gmail.com<\/a><\/strong><\/p>\n<h3>Publisher<\/h3>\n<p><strong>DOC Design and Informatics Co. Ltd.<\/strong><br \/>\n<strong><br \/>\nAddress:<\/strong> Yal\u0131 Mah. R\u0131ht\u0131m Cad. Teveto\u011flu Apt. No:7 D: 6 Maltepe \u0130stanbul 34844,\u00a0 Turkey<br \/>\n<strong>Phone:<\/strong>\u00a0+90 533 268 32 27<br \/>\n<strong>E-mail:<\/strong>\u00a0<a href=\"mailto:info@dotdoc.com.tr\">info@dotdoc.com.tr<\/a><br \/>\n<strong>Web page:<\/strong>\u00a0<a href=\"https:\/\/www.dotdoc.com.tr\/\">www.dotdoc.com.tr<\/a><\/p>\n<p><strong>Publishing Coordinator<br \/>\n<\/strong>Zehra Pek\u015fen<\/p>\n<p><strong>Phone:<\/strong> +90 533 470 29 72<br \/>\n<strong>E-mail:<\/strong> <a href=\"mailto:zpeksen@dotdoc.com.tr\">zpeksen@dotdoc.com.tr<\/a><br \/>\n<a href=\"mailto:klimikdergisi@gmail.com\">klimikdergisi@gmail.com<\/a><\/p>\n<p>&nbsp;<\/p>\n","protected":false},"excerpt":{"rendered":"<p>Editor(s)-in-Chief Prof. Alpay Azap Address: Me\u015frutiyet Mah. Rumeli Cad. \u0130pek Apt. No. 70 D. 7 (Rumeli Eczanesi \u00fcst\u00fc), 34363 \u015ei\u015fli, \u0130stanbul Phone:+90 (212) 219 54 82 Fax:+90 (212) 219 54 82 E-mail: klimikdergisi@gmail.com Publisher DOC Design and Informatics Co. Ltd. Address: Yal\u0131 Mah. R\u0131ht\u0131m Cad. Teveto\u011flu Apt. No:7 D: 6 Maltepe \u0130stanbul 34844,\u00a0 Turkey Phone:\u00a0+90 [&hellip;]<\/p>\n","protected":false},"author":1,"featured_media":0,"parent":0,"menu_order":23,"comment_status":"closed","ping_status":"closed","template":"","meta":{"_acf_changed":false,"footnotes":""},"class_list":["post-36","page","type-page","status-publish","hentry"],"acf":[],"_links":{"self":[{"href":"https:\/\/www.klimikdergisi.org\/en\/wp-json\/wp\/v2\/pages\/36","targetHints":{"allow":["GET"]}}],"collection":[{"href":"https:\/\/www.klimikdergisi.org\/en\/wp-json\/wp\/v2\/pages"}],"about":[{"href":"https:\/\/www.klimikdergisi.org\/en\/wp-json\/wp\/v2\/types\/page"}],"author":[{"embeddable":true,"href":"https:\/\/www.klimikdergisi.org\/en\/wp-json\/wp\/v2\/users\/1"}],"replies":[{"embeddable":true,"href":"https:\/\/www.klimikdergisi.org\/en\/wp-json\/wp\/v2\/comments?post=36"}],"version-history":[{"count":4,"href":"https:\/\/www.klimikdergisi.org\/en\/wp-json\/wp\/v2\/pages\/36\/revisions"}],"predecessor-version":[{"id":31054,"href":"https:\/\/www.klimikdergisi.org\/en\/wp-json\/wp\/v2\/pages\/36\/revisions\/31054"}],"wp:attachment":[{"href":"https:\/\/www.klimikdergisi.org\/en\/wp-json\/wp\/v2\/media?parent=36"}],"curies":[{"name":"wp","href":"https:\/\/api.w.org\/{rel}","templated":true}]}}