{"id":34,"date":"2020-12-27T09:46:07","date_gmt":"2020-12-27T06:46:07","guid":{"rendered":"https:\/\/www.klimikdergisi.org\/\/?page_id=34"},"modified":"2023-02-26T13:03:29","modified_gmt":"2023-02-26T10:03:29","slug":"abstracting-and-indexing","status":"publish","type":"page","link":"https:\/\/www.klimikdergisi.org\/en\/abstracting-and-indexing\/","title":{"rendered":"Abstracting and Indexing"},"content":{"rendered":"<ul>\n<li><a href=\"https:\/\/mjl.clarivate.com:\/search-results?issn=1301-143X&amp;hide_exact_match_fl=true&amp;utm_source=mjl&amp;utm_medium=share-by-link&amp;utm_campaign=search-results-share-this-journal\">Web of Science-Emerging Sources Citation Index<\/a><\/li>\n<li><a href=\"https:\/\/search.trdizin.gov.tr\/en\/dergi\/detay\/743\/klimik-dergisi\">T\u00dcB\u0130TAK ULAKB\u0130M TR Index<\/a><\/li>\n<li><a href=\"https:\/\/www.scopus.com\/sourceid\/19700174716\">Scopus<\/a><\/li>\n<li><a href=\"http:\/\/www.embase.com\">EMBASE<\/a><\/li>\n<li><a href=\"https:\/\/www.ebscohost.com\/nursing\/products\/cinahl-databases\/cinahl-complete\">CINAHL<\/a><\/li>\n<li><a href=\"https:\/\/www.gale.com\">Gale\/Cengage Learning<\/a><\/li>\n<li><a href=\"https:\/\/www.ebsco.com\">EBSCO<\/a><\/li>\n<li><a href=\"http:\/\/www.proquest.com\">ProQuest<\/a><\/li>\n<li><a href=\"https:\/\/www2.cabells.com\/\">Cabell\u2019s Journalytics<\/a><\/li>\n<\/ul>\n","protected":false},"excerpt":{"rendered":"<p>Web of Science-Emerging Sources Citation Index T\u00dcB\u0130TAK ULAKB\u0130M TR Index Scopus EMBASE CINAHL Gale\/Cengage Learning EBSCO ProQuest Cabell\u2019s Journalytics<\/p>\n","protected":false},"author":1,"featured_media":0,"parent":0,"menu_order":19,"comment_status":"closed","ping_status":"closed","template":"","meta":{"_acf_changed":false,"footnotes":""},"class_list":["post-34","page","type-page","status-publish","hentry"],"acf":[],"_links":{"self":[{"href":"https:\/\/www.klimikdergisi.org\/en\/wp-json\/wp\/v2\/pages\/34","targetHints":{"allow":["GET"]}}],"collection":[{"href":"https:\/\/www.klimikdergisi.org\/en\/wp-json\/wp\/v2\/pages"}],"about":[{"href":"https:\/\/www.klimikdergisi.org\/en\/wp-json\/wp\/v2\/types\/page"}],"author":[{"embeddable":true,"href":"https:\/\/www.klimikdergisi.org\/en\/wp-json\/wp\/v2\/users\/1"}],"replies":[{"embeddable":true,"href":"https:\/\/www.klimikdergisi.org\/en\/wp-json\/wp\/v2\/comments?post=34"}],"version-history":[{"count":3,"href":"https:\/\/www.klimikdergisi.org\/en\/wp-json\/wp\/v2\/pages\/34\/revisions"}],"predecessor-version":[{"id":26424,"href":"https:\/\/www.klimikdergisi.org\/en\/wp-json\/wp\/v2\/pages\/34\/revisions\/26424"}],"wp:attachment":[{"href":"https:\/\/www.klimikdergisi.org\/en\/wp-json\/wp\/v2\/media?parent=34"}],"curies":[{"name":"wp","href":"https:\/\/api.w.org\/{rel}","templated":true}]}}