{"id":32,"date":"2020-12-27T09:45:04","date_gmt":"2020-12-27T06:45:04","guid":{"rendered":"https:\/\/www.klimikdergisi.org\/\/?page_id=32"},"modified":"2024-04-27T15:06:46","modified_gmt":"2024-04-27T12:06:46","slug":"editorial-board","status":"publish","type":"page","link":"https:\/\/www.klimikdergisi.org\/en\/editorial-board\/","title":{"rendered":"Editorial Board"},"content":{"rendered":"<h3>Editor-in-Chief<\/h3>\n<p>Alpay AZAP<br \/>\n<b><\/b><em>Department of Infectious Diseases and Clinical Microbiology, Faculty of Medicine, Ankara University, Ankara, Turkey<\/em><br \/>\n<a href=\"mailto:Alpay.Azap@medicine.ankara.edu.tr\"><em>Alpay.Azap@medicine.ankara.edu.tr<\/em><\/a><br \/>\n<a href=\"https:\/\/orcid.org\/0000-0001-5035-055X\">ORCID iD: 0000-0001-5035-055X<\/a><\/p>\n<h3>Previous Editor-in-Chief<\/h3>\n<p>Haluk ERAKSOY<br \/>\n<em>Department of Infectious Diseases and Clinical Microbiology, \u0130stanbul Faculty of Medicine, \u0130stanbul University, \u0130stanbul, Turkey<\/em><br \/>\n<a href=\"https:\/\/orcid.org\/0000-0002-5790-0806\">ORCID iD: 0000-0002-5790-0806<\/a><\/p>\n<h3>Editors<\/h3>\n<p>Sema ALP-\u00c7AVU\u015e<br \/>\n<em>Department of Infectious Diseases and Clinical Microbiology, Faculty of Medicine, Dokuz Eyl\u00fcl University, \u0130zmir, Turkey<\/em><br \/>\n<a href=\"https:\/\/orcid.org\/0000-0003-2807-8769\">ORCID iD: 0000-0003-2807-8769<\/a><\/p>\n<p>Mehtap AYDIN<br \/>\n<b><\/b><em>Department of Infectious Diseases and Clinical Microbiology, University of Health Sciences, \u00dcmraniye Research and Training Hospital, \u0130stanbul, Turkey<\/em><br \/>\n<a href=\"https:\/\/orcid.org\/0000-0003-4044-9366\">ORCID iD: 0000-0003-4044-9366<\/a><\/p>\n<p>Bilgehan AYGEN<br \/>\n<em>Department of Infectious Diseases and Clinical Microbiology, Faculty of Medicine, Erciyes University, Kayseri, Turkey<\/em><br \/>\n<a href=\"https:\/\/orcid.org\/0000-0002-7598-6578\">ORCID iD: 0000-0002-7598-6578<\/a><\/p>\n<p>G\u00f6khan AYG\u00dcN<br \/>\n<b><\/b><em>Department of Medical Microbiology, \u0130stanbul University-Cerrahpa\u015fa, Cerrahpa\u015fa Faculty of Medicine, \u0130stanbul, Turkey<\/em><br \/>\n<a href=\"https:\/\/orcid.org\/0000-0001-6915-9843\">ORCID iD: 0000-0001-6915-9843<\/a><\/p>\n<p>Atahan \u00c7A\u011eATAY<br \/>\n<em>Department of Infectious Diseases and Clinical Microbiology, \u0130stanbul Faculty of Medicine, \u0130stanbul University, \u0130stanbul, Turkey<\/em><br \/>\n<a href=\"https:\/\/orcid.org\/0000-0002-3051-8199\">ORCID iD: 0000-0002-3051-8199<\/a><\/p>\n<p>R\u0131za Ayta\u00e7 \u00c7ET\u0130NKAYA<br \/>\n<b><\/b><em>Clinic of Infectious Diseases and Clinical Microbiology, Istanbul Provincial Health Directorate, Istanbul Sultan 2. Abdulhamid Han Sample Training and Research Hospital, Istanbul, Turkey<\/em><br \/>\n<a href=\"https:\/\/orcid.org\/0000-0002-5676-9527\">ORCID iD: 0000-0002-5676-9527<\/a><\/p>\n<p>Ne\u015fe DEM\u0130RT\u00dcRK<br \/>\n<em>Department of Infectious Diseases and Clinical Microbiology, Faculty of Medicine, Afyonkarahisar Health Sciences University, Afyonkarahisar, Turkey<\/em><br \/>\n<a href=\"https:\/\/orcid.org\/0000-0002-6186-2494\">ORCID iD: 0000-0002-6186-2494<\/a><\/p>\n<p>Murat KUTLU<br \/>\n<em>Department of Infectious Diseases and Clinical Microbiology, Faculty of Medicine, Pamukkale University, Afyonkarahisar, Turkey<\/em><br \/>\n<a href=\"https:\/\/orcid.org\/0000-0003-0640-1019\">ORCID iD: 0000-0003-0640-1019<\/a><\/p>\n<p>S\u00fcda TEK\u0130N<br \/>\n<em>Department of Infectious Diseases and Clinical Microbiology, Faculty of Medicine, Ko\u00e7 University, \u0130stanbul, Turkey<\/em><br \/>\n<a href=\"https:\/\/orcid.org\/0000-0001-9419-8713\">ORCID iD: 0000-0001-9419-8713<\/a><\/p>\n<p>Necla T\u00dcLEK<br \/>\n<em>Faculty of Medicine, At\u0131l\u0131m University, Ankara, Turkey<\/em><br \/>\n<a href=\"https:\/\/orcid.org\/0000-0002-3952-4982\">ORCID iD: 0000-0002-3952-4982<\/a><\/p>\n<h3>Statistical Editor<\/h3>\n<p>\u00d6nder ERG\u00d6N\u00dcL<br \/>\n<em>Department of Infectious Diseases and Clinical Microbiology, Faculty of Medicine, Ko\u00e7 University, \u0130stanbul, Turkey<\/em><br \/>\n<a href=\"https:\/\/orcid.org\/0000-0003-1935-9235\">ORCID iD: 0000-0003-1935-9235<\/a><\/p>\n<h3>English Language Editor<\/h3>\n<p>Nur BENZONANA<br \/>\n<em>Clinic of Infectious Diseases and Clinical Microbiology, Dr. L\u00fctfi K\u0131rdar Kartal Training and Research Hospital, \u0130stanbul, Turkey<br \/>\n<a href=\"https:\/\/orcid.org\/0000-0002-0803-0891\">ORCID iD: 0000-0002-0803-0891<\/a><br \/>\n<\/em><\/p>\n<h3>Turkish Language Editor<\/h3>\n<p>Zehra PEK\u015eEN<br \/>\n<em>DOC Design and Informatics Co. Ltd.<\/em><\/p>\n<h3>International Advisory Board<\/h3>\n<p>Halis AKALIN<br \/>\n<em>Department of Infectious Diseases and Clinical Microbiology, Faculty of Medicine, Bursa Uluda\u011f University, Bursa, Turkey<\/em><\/p>\n<p>Murat AKOVA<br \/>\n<em>Department of Infectious Diseases and Clinical Microbiology, Faculty of Medicine, Hacettepe University, Ankara, Turkey<\/em><\/p>\n<p>Celal AYAZ<br \/>\n<em>Department of Infectious Diseases and Clinical Microbiology, Faculty of Medicine, Sanko University, Gaziantep, Turkey<\/em><\/p>\n<p>Mehmet BAYSALLAR<br \/>\n<em>Department of Medical Microbiology, G\u00fclhane Faculty of Medicine, University of Health Sciences, Ankara, Turkey<\/em><\/p>\n<p>Ay\u015fe ERBAY<br \/>\n<em>Department of Infectious Diseases and Clinical Microbiology, Faculty of Medicine, Yozgat Bozok University, Yozgat, Turkey<\/em><\/p>\n<p>Robert FLISIAK<br \/>\n<em>Medical University of Bialystok, Department of Infectious Diseases and Hepatology, Bialystok, Poland<\/em><\/p>\n<p>Niels FRIMODT-M\u00d8LLER<br \/>\n<em>Hvidovre Hospital, Department of Clinical Microbiology, Copenhagen, Denmark<\/em><\/p>\n<p>Javier GARAU<br \/>\n<em>Hospital de Mutua de Terrassa, Department of Medicine, Barcelona, Spain<\/em><\/p>\n<p>Helen GIAMARELLOU<br \/>\n<em>Hygeia General Hospital, 6th Department of Internal Medicine, Athens, Greece<\/em><\/p>\n<p>Eduardo GOTUZZO<br \/>\n<em>Peruvian Cayetano Heredia University, Institute of Tropical Medicine Alexander Von Humboldt, Lima, Peru<\/em><\/p>\n<p>Deniz G\u00d6KENG\u0130N<br \/>\n<em>Department of Infectious Diseases and Clinical Microbiology, Faculty of Medicine, Ege University, \u0130zmir, Turkey<\/em><\/p>\n<p>Winfried V. KERN<br \/>\n<em>University Hospital, Department of Medicine, Center for Infectious Diseases &amp; Travel Medicine, Freiburg, Germany<\/em><\/p>\n<p>Dimitrios P. KONTOYIANNIS<br \/>\n<em>University of Texas, MD Anderson Cancer Center, Division of Internal Medicine, Department of Infectious Diseases, Houston, Texas, USA<\/em><\/p>\n<p>Jean-Christophe LUCET<br \/>\n<em>Assistance Publique-H\u00f4pitaux de Paris, Bichat-Claude Bernard Hospital, Infection Control Unit, Paris, France<\/em><\/p>\n<p>Masoud MARDANI<br \/>\n<em>Shaheed Beheshti Medical University, Infectious Diseases and Tropical Medicine Research Center, Tehran, Iran<\/em><\/p>\n<p>Patrice NORDMANN<br \/>\n<em>University of Fribourg, Faculty of Science, Department of Microbiology, Fribourg, Switzerland<\/em><\/p>\n<p>Georgios PAPPAS<br \/>\n<em>Institute of Continuing Medical Education of Ioannina, Department of Infectious Diseases, Ioannina, Greece<\/em><\/p>\n<p>Thomas PATTERSON<br \/>\n<em>University of Texas, Health Science Center, Division of Medicine, Department of Infectious Diseases, San Antonio, Texas, USA<\/em><\/p>\n<p>Robert READ<br \/>\n<em>NIHR Southampton Biomedical Research Centre, University of Southampton, Southampton, UK<\/em><\/p>\n<p>Jordi RELLO<br \/>\n<em>Vall d&#8217;Hebron University Hospital, Critical Care Department, Barcelona, Spain<\/em><\/p>\n<p>Ne\u015fe SALTO\u011eLU<br \/>\n<em>Department of Infectious Diseases and Clinical Microbiology, Cerrahpa\u015fa Faculty of Medicine, \u0130stanbul University-Cerrahpa\u015fa, \u0130stanbul, Turkey<\/em><\/p>\n<p>Franc STRLE<br \/>\n<em>Ljubljana University, Medical Centre, Clinic of Infectious Diseases, Ljubljana, Slovenia<\/em><\/p>\n<p>Paul Ananth TAMBYAH<br \/>\n<em>National University of Singapore, Yong Loo Lin School of Medicine, Division of Infectious Diseases, Queenstown, Singapore<\/em><\/p>\n<p>Jordi VILA<br \/>\n<em>University of Barcelona, School of Medicine, Hospital Clinic, Department of Clinical Microbiology, Barcelona, Spain<\/em><\/p>\n<p>Adriana VINCE<br \/>\n<em>Zagreb University Hospital for Infectious Diseases &#8220;Dr. Fran Mihaljevi\u0107&#8221;, Zagreb, Croatia<\/em><\/p>\n<p>Ata Nevzat YAL\u00c7IN<br \/>\n<em>Department of Infectious Diseases and Clinical Microbiology, Faculty of Medicine, Akdeniz University, Antalya, Turkey<\/em><\/p>\n<p>Steve ZINNER<br \/>\n<em>Mount Auburn Hospital, Department of Medicine, Cambridge, Massachusetts, USA<\/em><\/p>\n<p>&nbsp;<\/p>\n<p><img loading=\"lazy\" decoding=\"async\" class=\"alignnone wp-image-21786\" src=\"https:\/\/www.klimikdergisi.org\/wp-content\/uploads\/2021\/01\/DOC.LOGO-01.png\" alt=\"\" width=\"120\" height=\"59\" \/><\/p>\n<h3>Publisher<\/h3>\n<p>Ali Pek\u015fen<br \/>\nDOC Design and Informatics Co. Ltd.<br \/>\n<strong>Address:<\/strong> Yal\u0131 Mah. R\u0131ht\u0131m Cad. Teveto\u011flu Apt. No:7 D: 6 Maltepe \u0130stanbul 34844, Turkey<br \/>\n<strong>Phone:<\/strong> +90 533 268 32 27<br \/>\n<strong>E-mail:<\/strong> info@dotdoc.com.tr, apeksen@dotdoc.com.tr<br \/>\n<strong>Web page:<\/strong> <a href=\"https:\/\/www.dotdoc.com.tr\/\">www.dotdoc.com.tr<\/a><\/p>\n<p>&nbsp;<\/p>\n","protected":false},"excerpt":{"rendered":"<p>Editor-in-Chief Alpay AZAP Department of Infectious Diseases and Clinical Microbiology, Faculty of Medicine, Ankara University, Ankara, Turkey Alpay.Azap@medicine.ankara.edu.tr ORCID iD: 0000-0001-5035-055X Previous Editor-in-Chief Haluk ERAKSOY Department of Infectious Diseases and Clinical Microbiology, \u0130stanbul Faculty of Medicine, \u0130stanbul University, \u0130stanbul, Turkey ORCID iD: 0000-0002-5790-0806 Editors Sema ALP-\u00c7AVU\u015e Department of Infectious Diseases and Clinical Microbiology, Faculty of [&hellip;]<\/p>\n","protected":false},"author":1,"featured_media":0,"parent":0,"menu_order":15,"comment_status":"closed","ping_status":"closed","template":"","meta":{"_acf_changed":false,"footnotes":""},"class_list":["post-32","page","type-page","status-publish","hentry"],"acf":[],"_links":{"self":[{"href":"https:\/\/www.klimikdergisi.org\/en\/wp-json\/wp\/v2\/pages\/32","targetHints":{"allow":["GET"]}}],"collection":[{"href":"https:\/\/www.klimikdergisi.org\/en\/wp-json\/wp\/v2\/pages"}],"about":[{"href":"https:\/\/www.klimikdergisi.org\/en\/wp-json\/wp\/v2\/types\/page"}],"author":[{"embeddable":true,"href":"https:\/\/www.klimikdergisi.org\/en\/wp-json\/wp\/v2\/users\/1"}],"replies":[{"embeddable":true,"href":"https:\/\/www.klimikdergisi.org\/en\/wp-json\/wp\/v2\/comments?post=32"}],"version-history":[{"count":4,"href":"https:\/\/www.klimikdergisi.org\/en\/wp-json\/wp\/v2\/pages\/32\/revisions"}],"predecessor-version":[{"id":28601,"href":"https:\/\/www.klimikdergisi.org\/en\/wp-json\/wp\/v2\/pages\/32\/revisions\/28601"}],"wp:attachment":[{"href":"https:\/\/www.klimikdergisi.org\/en\/wp-json\/wp\/v2\/media?parent=32"}],"curies":[{"name":"wp","href":"https:\/\/api.w.org\/{rel}","templated":true}]}}