{"id":30,"date":"2020-12-27T09:43:45","date_gmt":"2020-12-27T06:43:45","guid":{"rendered":"https:\/\/www.klimikdergisi.org\/\/?page_id=30"},"modified":"2024-02-14T15:08:11","modified_gmt":"2024-02-14T12:08:11","slug":"aims-and-scope","status":"publish","type":"page","link":"https:\/\/www.klimikdergisi.org\/en\/aims-and-scope\/","title":{"rendered":"Aims and Scope"},"content":{"rendered":"<p><i><span style=\"font-weight: 400;\">Klimik Journal<\/span><\/i><span style=\"font-weight: 400;\"> is the scientific, <\/span><span style=\"font-weight: 400;\">open-access,<\/span><span style=\"font-weight: 400;\"> and official publication of the Turkish Society of Clinical Microbiology and Infectious Diseases. It was published three annually between 1988-2021. As of 2022, it started to be published in four annual issues: in March, June, September, and December. <\/span><\/p>\n<p><i><span style=\"font-weight: 400;\">Klimik Journal<\/span><\/i><span style=\"font-weight: 400;\"> aims to publish high-quality basic and applied research articles on diagnosis, treatment, and prevention in infectious diseases, clinical microbiology, virology, parasitology, immunology, and epidemiology. In addition, reviews, editorial opinions, letters to the editor, and case reports are also accepted.<\/span><\/p>\n<p><span style=\"font-weight: 400;\">The target group of the journal is infectious diseases and clinical microbiology specialists, medical doctors, and practitioners interested in infectious diseases.<\/span><\/p>\n<p><i><span style=\"font-weight: 400;\">Klimik Journal<\/span><\/i><span style=\"font-weight: 400;\"> is an international journal based on independent and unbiased peer-review principles. The articles are evaluated according to the &#8220;double-blind&#8221; system in terms of the consultant and the author.<\/span><\/p>\n<p><span style=\"font-weight: 400;\">The editorial and publication processes of the journal are shaped in accordance with the guidelines of the International Committee of Medical Journal Editors (ICMJE), World Association of Medical Editors (WAME), Council of Science Editors (CSE), Committee on Publication Ethics (COPE), European Association of Science Editors (EASE), and National Information Standards Organization (NISO). In addition, the journal is in conformity with the Principles of Transparency and Best Practice in Scholarly Publishing (doaj.org\/bestpractice).<\/span><\/p>\n<p><span style=\"font-weight: 400;\">The publication language of the journal is Turkish. However, foreign authors\u2019 manuscripts in English are also accepted.<\/span><\/p>\n<p><i><span style=\"font-weight: 400;\">Klimik Journal<\/span><\/i><span style=\"font-weight: 400;\">\u00a0does not charge a publication fee.<\/span><\/p>\n<p><i><span style=\"font-weight: 400;\">Klimik Journal<\/span><\/i><span style=\"font-weight: 400;\"> is indexed in T\u00dcB\u0130TAK ULAKB\u0130M TR, Web of Science-Emerging Sources Citation Index, EMBASE, Scopus, CINAHL, Gale\/Cengage Learning, EBSCO, HINARI, Cabell\u2019s Journalytics, and ProQuest databases.<\/span><\/p>\n<p>The Turkish Society of Clinical Microbiology and Infectious Diseases (<span style=\"font-weight: 400;\"><a href=\"https:\/\/www.klimik.org.tr\/\">KL\u0130M\u0130K<\/a><\/span>) covers all expenses of the Journal.<\/p>\n<p>The opinions and reports in all articles published in Klimik Journal are the views of the author(s). Therefore, the Turkish Society of Clinical Microbiology and Infectious Diseases (<span style=\"font-weight: 400;\"><a href=\"https:\/\/www.klimik.org.tr\/\">KL\u0130M\u0130K<\/a><\/span>), Editor, Editorial Board, and Publisher do not accept any responsibility for these articles.<\/p>\n<h3 class=\"p1\">Permissions and Advertisements<span class=\"s1\"><span class=\"Apple-converted-space\">\u00a0<\/span><\/span><\/h3>\n<p>Applications for print permissions and advertising should be made to the Editorial Office.<\/p>\n<h3>Editor-in-Chief<\/h3>\n<p><span style=\"font-weight: 400;\">Prof. Dr. Alpay AZAP<\/span><span style=\"font-weight: 400;\"><br \/>\n<\/span><span style=\"font-weight: 400;\">Address:\u00a0Me\u015frutiyet Mah. Rumeli Cad. \u0130pek Apt. No. 70\u00a0D.\u00a07<\/span><span style=\"font-weight: 400;\"><br \/>\n<\/span><span style=\"font-weight: 400;\">(Rumeli Eczanesi \u00fcst\u00fc), 34363 \u015ei\u015fli, \u0130stanbul, T\u00fcrkiye<\/span><span style=\"font-weight: 400;\"><br \/>\n<\/span><span style=\"font-weight: 400;\">Phone: +90 212 219 54 82<\/span><span style=\"font-weight: 400;\"><br \/>\n<\/span><span style=\"font-weight: 400;\">Fax: +90 212 219 54 82<\/span><span style=\"font-weight: 400;\"><br \/>\n<\/span><span style=\"font-weight: 400;\">E-mail: <a class=\"rABsFf RffVmb AL18ce\" href=\"mailto:editor@klimik.dergisi.org\" target=\"_blank\" rel=\"noopener\" data-tooltip-position=\"top\" data-tooltip=\"From your Google Contacts\">editor@klimik.dergisi.org<\/a><\/span><\/p>\n<p>&nbsp;<\/p>\n<h3>Publisher<\/h3>\n<p><strong><img loading=\"lazy\" decoding=\"async\" class=\"alignnone wp-image-21786\" src=\"https:\/\/www.klimikdergisi.org\/wp-content\/uploads\/2021\/01\/DOC.LOGO-01.png\" alt=\"\" width=\"125\" height=\"70\" \/><\/strong><\/p>\n<p><strong>Publisher<\/strong>: DOC Design and Informatics Co. Ltd.<br \/>\n<strong>Address<\/strong>: Yal\u0131 Mah. R\u0131ht\u0131m Cad. Teveto\u011flu Apt. No:7 D: 6 Maltepe, \u0130stanbul, 34844,\u00a0T\u00fcrkiye<br \/>\n<strong>Phone<\/strong>: +90 533 268 32 27<br \/>\n<strong>E-mail<\/strong>:\u00a0<a href=\"mailto:info@dotdoc.com.tr\">info@dotdoc.com.tr , <\/a><a href=\"mailto:apeksen@dotdoc.com.tr\">apeksen@dotdoc.com.tr<\/a><br \/>\n<strong>Web page<\/strong>:\u00a0<a href=\"http:\/\/www.dotdoc.com.tr\/\">www.dotdoc.com.tr<\/a><\/p>\n<p>&nbsp;<\/p>\n<h3>Owner<\/h3>\n<p>Owned by on behalf of the Turkish Society of Infectious Diseases and Clinical Microbiology:<br \/>\nProf. Serap Yavuz \u015eim\u015fek<\/p>\n<p><strong>Address<\/strong>: Rumeli Cad. 70\/7 \u015ei\u015fli, \u0130stanbul 34363, Turkey.<br \/>\n<strong>Phone<\/strong>: +90 212 219 54 82<br \/>\n<strong>Mobile:<\/strong>\u00a0+90 505 269 64 12<br \/>\n<strong>Fax<\/strong>: +90 212 219 54 82<br \/>\n<strong>E-mail<\/strong>:\u00a0<a href=\"mailto:klimik@klimik.org.tr\">klimik@klimik.org.tr<\/a><br \/>\n<strong>Web page<\/strong>:\u00a0<a href=\"https:\/\/www.klimik.org.tr\/\">www.klimik.org.tr<\/a><\/p>\n<p><img loading=\"lazy\" decoding=\"async\" class=\"alignnone size-full wp-image-25805\" src=\"https:\/\/www.klimikdergisi.org\/wp-content\/uploads\/2022\/10\/klimik@4x-768x61-1.png\" alt=\"\" width=\"768\" height=\"61\" srcset=\"https:\/\/www.klimikdergisi.org\/wp-content\/uploads\/2022\/10\/klimik@4x-768x61-1.png 768w, https:\/\/www.klimikdergisi.org\/wp-content\/uploads\/2022\/10\/klimik@4x-768x61-1-390x31.png 390w\" sizes=\"auto, (max-width: 768px) 100vw, 768px\" \/><\/p>\n","protected":false},"excerpt":{"rendered":"<p>Klimik Journal is the scientific, open-access, and official publication of the Turkish Society of Clinical Microbiology and Infectious Diseases. It was published three annually between 1988-2021. As of 2022, it started to be published in four annual issues: in March, June, September, and December. Klimik Journal aims to publish high-quality basic and applied research articles [&hellip;]<\/p>\n","protected":false},"author":1,"featured_media":0,"parent":0,"menu_order":14,"comment_status":"closed","ping_status":"closed","template":"","meta":{"_acf_changed":false,"footnotes":""},"class_list":["post-30","page","type-page","status-publish","hentry"],"acf":[],"_links":{"self":[{"href":"https:\/\/www.klimikdergisi.org\/en\/wp-json\/wp\/v2\/pages\/30","targetHints":{"allow":["GET"]}}],"collection":[{"href":"https:\/\/www.klimikdergisi.org\/en\/wp-json\/wp\/v2\/pages"}],"about":[{"href":"https:\/\/www.klimikdergisi.org\/en\/wp-json\/wp\/v2\/types\/page"}],"author":[{"embeddable":true,"href":"https:\/\/www.klimikdergisi.org\/en\/wp-json\/wp\/v2\/users\/1"}],"replies":[{"embeddable":true,"href":"https:\/\/www.klimikdergisi.org\/en\/wp-json\/wp\/v2\/comments?post=30"}],"version-history":[{"count":4,"href":"https:\/\/www.klimikdergisi.org\/en\/wp-json\/wp\/v2\/pages\/30\/revisions"}],"predecessor-version":[{"id":28316,"href":"https:\/\/www.klimikdergisi.org\/en\/wp-json\/wp\/v2\/pages\/30\/revisions\/28316"}],"wp:attachment":[{"href":"https:\/\/www.klimikdergisi.org\/en\/wp-json\/wp\/v2\/media?parent=30"}],"curies":[{"name":"wp","href":"https:\/\/api.w.org\/{rel}","templated":true}]}}